{"id":1830,"date":"2020-11-25T16:03:14","date_gmt":"2020-11-25T16:03:14","guid":{"rendered":"https:\/\/domainejacouton.fr\/?post_type=product&#038;p=1830"},"modified":"2026-03-18T22:21:37","modified_gmt":"2026-03-18T22:21:37","slug":"condrieu","status":"publish","type":"product","link":"https:\/\/domainejacouton.fr\/en\/boutique\/produit\/condrieu\/","title":{"rendered":"Condrieu"},"content":{"rendered":"<p>Une envie de travailler le c\u00e9page Viognier sur une appellation prestigieuse avec de la complexit\u00e9 et de la structure.<\/p>\n<p>C\u00e9page : 100 % Viognier<br \/>\nTerroir : Granitique<br \/>\nLes Vignes : Plateau au dessus du Rh\u00f4ne<br \/>\nMode de culture : Raisonn\u00e9<br \/>\nVendanges : Manuelles<br \/>\nRendement : 45hl\/ha<\/p>\n<p>Vinification &amp; \u00c9levage en Cave par Jean-Fran\u00e7ois Jacouton.<\/p>\n<p>Pressurage direct en vendange enti\u00e8re puis d\u00e9bourbage \u00e0 froid. Fermentation alcoolique et malo-lactique, en f\u00fbt de ch\u00eane (neuf et 1 \u00e0 3 vins) sur lies fine avec b\u00e2tonnage r\u00e9gulier. \u00c9levage pendant 10 mois.<\/p>\n<p><strong>D\u00e9gustation<\/strong><br \/>\nA bright robe with golden reflections. A complex nose, with clear notes of apricot, white peach and violet. A balanced palate with character, mixing freshness with white flesh fruits and apricot aromas. A persistent lenght, round, fleshy, but very aromatic.<\/p>\n<p><strong>Mon conseil Accords mets et vin<\/strong><br \/>\nA L\u2019ap\u00e9ritif (mais pas glac\u00e9), pour accompagner un foie gras, du homard grill\u00e9 ou un poisson de rivi\u00e8re. Mais aussi avec un fromage sec type Rigotte de Condrieu, ou m\u00eame du chocolat noir<\/p>","protected":false},"excerpt":{"rendered":"<div class=\"gg-infobox\">\n<div class=\"gg-infobox\">\n<div class=\"gg-infobox\">\n<div class=\"gg-infobox\">\n<div class=\"description\">\n<div class=\"gg-infobox\">\n<div class=\"gg-infobox\">\n<div id=\"nos-vins\" class=\"vc_row wpb_row vc_row-fluid vc_custom_1585867149442 vc_row-has-fill\" data-vc-full-width=\"true\" data-vc-full-width-init=\"true\">\n<div class=\"wpb_column vc_column_container vc_col-sm-12\">\n<div class=\"vc_column-inner\">\n<div class=\"wpb_wrapper\">\n<div class=\"vc_tta-container\" data-vc-action=\"collapse\">\n<div class=\"vc_general vc_tta vc_tta-tabs vc_tta-color-mulled-wine vc_tta-style-theme vc_tta-shape-rounded vc_tta-spacing-1 vc_tta-tabs-position-top vc_tta-controls-align-center vc_custom_1585865936233\">\n<div class=\"vc_tta-panels-container\">\n<div class=\"vc_tta-panels\">\n<div id=\"souvenirs-andr\u00e9\" class=\"vc_tta-panel blanc vc_active\" data-vc-content=\".vc_tta-panel-body\">\n<div class=\"vc_tta-panel-body\">\n<div class=\"vc_row wpb_row vc_inner vc_row-fluid vc_row-o-equal-height vc_row-flex\">\n<div class=\"wpb_column vc_column_container vc_col-sm-6\">\n<div class=\"vc_column-inner\">\n<div class=\"wpb_wrapper\">\n<div class=\"gg-infobox\">\n<div class=\"gg-infobox\">\n<div class=\"gg-infobox\">\n<div class=\"gg-infobox\">\n<h4>C\u00c9PAGES<\/h4>\n<div class=\"description\">\n<p>100 % Viognier<\/p>\n<\/div>\n<\/div>\n<div class=\"gg-infobox\">\n<h4>Tasting<\/h4>\n<div class=\"description\">\n<p>A bright robe with golden reflections. A complex nose, with clear notes of apricot, white peach and violet. A balanced palate with character, mixing freshness with white flesh fruits and apricot aromas. A persistent lenght, round, fleshy, but very aromatic.<\/p>\n<\/div>\n<\/div>\n<div class=\"gg-infobox\">\n<h4>ACCORDS METS ET VIN<\/h4>\n<div class=\"description\">\n<p>A L\u2019ap\u00e9ritif (mais pas glac\u00e9), pour accompagner un foie gras du homard grill\u00e9 ou un poisson de rivi\u00e8re. Id\u00e9al avec un fromage sec type Rigotte de Condrieu \u2026 Ou m\u00eame du Chocolat noir !<\/p>\n<\/div>\n<\/div>\n<\/div>\n<\/div>\n<\/div>\n<\/div>\n<\/div>\n<\/div>\n<\/div>\n<\/div>\n<\/div>\n<\/div>\n<\/div>\n<\/div>\n<\/div>\n<\/div>\n<\/div>\n<\/div>\n<\/div>\n<\/div>\n<\/div>\n<\/div>\n<\/div>\n<\/div>\n<\/div>\n<\/div>","protected":false},"featured_media":1637,"comment_status":"open","ping_status":"closed","template":"","meta":{"_acf_changed":false,"_vp_format_video_url":"","_vp_image_focal_point":[]},"product_brand":[],"product_cat":[29],"product_tag":[],"class_list":{"0":"post-1830","1":"product","2":"type-product","3":"status-publish","4":"has-post-thumbnail","6":"product_cat-vin","8":"first","9":"outofstock","10":"taxable","11":"shipping-taxable","12":"purchasable","13":"product-type-variable"},"acf":[],"yoast_head":"<!-- This site is optimized with the Yoast SEO plugin v24.6 - https:\/\/yoast.com\/wordpress\/plugins\/seo\/ -->\n<title>Condrieu - Domaine Jacouton<\/title>\n<meta name=\"robots\" content=\"index, follow, max-snippet:-1, max-image-preview:large, max-video-preview:-1\" \/>\n<link rel=\"canonical\" href=\"https:\/\/domainejacouton.fr\/en\/boutique\/produit\/condrieu\/\" \/>\n<meta property=\"og:locale\" content=\"en_GB\" \/>\n<meta property=\"og:type\" content=\"article\" \/>\n<meta property=\"og:title\" content=\"Condrieu - Domaine Jacouton\" \/>\n<meta property=\"og:description\" content=\"C\u00c9PAGES   100 % Viognier     D\u00c9GUSTATION   Une robe brillante aux reflets dor\u00e9s, un nez complexe au notes nettes d\u2019abricot, p\u00eache blanche avec de la violette fondue. Une bouche \u00e9quilibr\u00e9 et de caract\u00e8re, m\u00e9langeant la fra\u00eecheur aux ar\u00f4mes de fruits \u00e0 chair blanche et d\u2019abricot. Une longueur persistante, ronde, grasse mais tr\u00e8s aromatique.     ACCORDS METS ET VIN   A L\u2019ap\u00e9ritif (mais pas glac\u00e9), pour accompagner un foie gras du homard grill\u00e9 ou un poisson de rivi\u00e8re. Id\u00e9al avec un fromage sec type Rigotte de Condrieu \u2026 Ou m\u00eame du Chocolat noir !\" \/>\n<meta property=\"og:url\" content=\"https:\/\/domainejacouton.fr\/en\/boutique\/produit\/condrieu\/\" \/>\n<meta property=\"og:site_name\" content=\"Domaine Jacouton\" \/>\n<meta property=\"article:modified_time\" content=\"2026-03-18T22:21:37+00:00\" \/>\n<meta property=\"og:image\" content=\"https:\/\/domainejacouton.fr\/wp-content\/uploads\/2020\/04\/JACOUTON-Bouteille-10.png\" \/>\n\t<meta property=\"og:image:width\" content=\"549\" \/>\n\t<meta property=\"og:image:height\" content=\"1500\" \/>\n\t<meta property=\"og:image:type\" content=\"image\/png\" \/>\n<meta name=\"twitter:card\" content=\"summary_large_image\" \/>\n<meta name=\"twitter:label1\" content=\"Estimated reading time\" \/>\n\t<meta name=\"twitter:data1\" content=\"1 minute\" \/>\n<script type=\"application\/ld+json\" class=\"yoast-schema-graph\">{\"@context\":\"https:\/\/schema.org\",\"@graph\":[{\"@type\":\"WebPage\",\"@id\":\"https:\/\/domainejacouton.fr\/boutique\/produit\/condrieu\/\",\"url\":\"https:\/\/domainejacouton.fr\/boutique\/produit\/condrieu\/\",\"name\":\"Condrieu - Domaine Jacouton\",\"isPartOf\":{\"@id\":\"https:\/\/domainejacouton.fr\/#website\"},\"primaryImageOfPage\":{\"@id\":\"https:\/\/domainejacouton.fr\/boutique\/produit\/condrieu\/#primaryimage\"},\"image\":{\"@id\":\"https:\/\/domainejacouton.fr\/boutique\/produit\/condrieu\/#primaryimage\"},\"thumbnailUrl\":\"https:\/\/domainejacouton.fr\/wp-content\/uploads\/2020\/04\/JACOUTON-Bouteille-10.png\",\"datePublished\":\"2020-11-25T16:03:14+00:00\",\"dateModified\":\"2026-03-18T22:21:37+00:00\",\"breadcrumb\":{\"@id\":\"https:\/\/domainejacouton.fr\/boutique\/produit\/condrieu\/#breadcrumb\"},\"inLanguage\":\"en-GB\",\"potentialAction\":[{\"@type\":\"ReadAction\",\"target\":[\"https:\/\/domainejacouton.fr\/boutique\/produit\/condrieu\/\"]}]},{\"@type\":\"ImageObject\",\"inLanguage\":\"en-GB\",\"@id\":\"https:\/\/domainejacouton.fr\/boutique\/produit\/condrieu\/#primaryimage\",\"url\":\"https:\/\/domainejacouton.fr\/wp-content\/uploads\/2020\/04\/JACOUTON-Bouteille-10.png\",\"contentUrl\":\"https:\/\/domainejacouton.fr\/wp-content\/uploads\/2020\/04\/JACOUTON-Bouteille-10.png\",\"width\":549,\"height\":1500,\"caption\":\"domaine jacouton condrieu\"},{\"@type\":\"BreadcrumbList\",\"@id\":\"https:\/\/domainejacouton.fr\/boutique\/produit\/condrieu\/#breadcrumb\",\"itemListElement\":[{\"@type\":\"ListItem\",\"position\":1,\"name\":\"Accueil\",\"item\":\"https:\/\/domainejacouton.fr\/\"},{\"@type\":\"ListItem\",\"position\":2,\"name\":\"Boutique\",\"item\":\"https:\/\/domainejacouton.fr\/boutique\/\"},{\"@type\":\"ListItem\",\"position\":3,\"name\":\"Condrieu\"}]},{\"@type\":\"WebSite\",\"@id\":\"https:\/\/domainejacouton.fr\/#website\",\"url\":\"https:\/\/domainejacouton.fr\/\",\"name\":\"Domaine Jacouton\",\"description\":\"Artisan du Terroir\",\"potentialAction\":[{\"@type\":\"SearchAction\",\"target\":{\"@type\":\"EntryPoint\",\"urlTemplate\":\"https:\/\/domainejacouton.fr\/?s={search_term_string}\"},\"query-input\":{\"@type\":\"PropertyValueSpecification\",\"valueRequired\":true,\"valueName\":\"search_term_string\"}}],\"inLanguage\":\"en-GB\"}]}<\/script>\n<!-- \/ Yoast SEO plugin. -->","yoast_head_json":{"title":"Condrieu - Domaine Jacouton","robots":{"index":"index","follow":"follow","max-snippet":"max-snippet:-1","max-image-preview":"max-image-preview:large","max-video-preview":"max-video-preview:-1"},"canonical":"https:\/\/domainejacouton.fr\/en\/boutique\/produit\/condrieu\/","og_locale":"en_GB","og_type":"article","og_title":"Condrieu - Domaine Jacouton","og_description":"C\u00c9PAGES   100 % Viognier     D\u00c9GUSTATION   Une robe brillante aux reflets dor\u00e9s, un nez complexe au notes nettes d\u2019abricot, p\u00eache blanche avec de la violette fondue. Une bouche \u00e9quilibr\u00e9 et de caract\u00e8re, m\u00e9langeant la fra\u00eecheur aux ar\u00f4mes de fruits \u00e0 chair blanche et d\u2019abricot. Une longueur persistante, ronde, grasse mais tr\u00e8s aromatique.     ACCORDS METS ET VIN   A L\u2019ap\u00e9ritif (mais pas glac\u00e9), pour accompagner un foie gras du homard grill\u00e9 ou un poisson de rivi\u00e8re. Id\u00e9al avec un fromage sec type Rigotte de Condrieu \u2026 Ou m\u00eame du Chocolat noir !","og_url":"https:\/\/domainejacouton.fr\/en\/boutique\/produit\/condrieu\/","og_site_name":"Domaine Jacouton","article_modified_time":"2026-03-18T22:21:37+00:00","og_image":[{"width":549,"height":1500,"url":"https:\/\/domainejacouton.fr\/wp-content\/uploads\/2020\/04\/JACOUTON-Bouteille-10.png","type":"image\/png"}],"twitter_card":"summary_large_image","twitter_misc":{"Estimated reading time":"1 minute"},"schema":{"@context":"https:\/\/schema.org","@graph":[{"@type":"WebPage","@id":"https:\/\/domainejacouton.fr\/boutique\/produit\/condrieu\/","url":"https:\/\/domainejacouton.fr\/boutique\/produit\/condrieu\/","name":"Condrieu - Domaine Jacouton","isPartOf":{"@id":"https:\/\/domainejacouton.fr\/#website"},"primaryImageOfPage":{"@id":"https:\/\/domainejacouton.fr\/boutique\/produit\/condrieu\/#primaryimage"},"image":{"@id":"https:\/\/domainejacouton.fr\/boutique\/produit\/condrieu\/#primaryimage"},"thumbnailUrl":"https:\/\/domainejacouton.fr\/wp-content\/uploads\/2020\/04\/JACOUTON-Bouteille-10.png","datePublished":"2020-11-25T16:03:14+00:00","dateModified":"2026-03-18T22:21:37+00:00","breadcrumb":{"@id":"https:\/\/domainejacouton.fr\/boutique\/produit\/condrieu\/#breadcrumb"},"inLanguage":"en-GB","potentialAction":[{"@type":"ReadAction","target":["https:\/\/domainejacouton.fr\/boutique\/produit\/condrieu\/"]}]},{"@type":"ImageObject","inLanguage":"en-GB","@id":"https:\/\/domainejacouton.fr\/boutique\/produit\/condrieu\/#primaryimage","url":"https:\/\/domainejacouton.fr\/wp-content\/uploads\/2020\/04\/JACOUTON-Bouteille-10.png","contentUrl":"https:\/\/domainejacouton.fr\/wp-content\/uploads\/2020\/04\/JACOUTON-Bouteille-10.png","width":549,"height":1500,"caption":"domaine jacouton condrieu"},{"@type":"BreadcrumbList","@id":"https:\/\/domainejacouton.fr\/boutique\/produit\/condrieu\/#breadcrumb","itemListElement":[{"@type":"ListItem","position":1,"name":"Accueil","item":"https:\/\/domainejacouton.fr\/"},{"@type":"ListItem","position":2,"name":"Boutique","item":"https:\/\/domainejacouton.fr\/boutique\/"},{"@type":"ListItem","position":3,"name":"Condrieu"}]},{"@type":"WebSite","@id":"https:\/\/domainejacouton.fr\/#website","url":"https:\/\/domainejacouton.fr\/","name":"Domaine Jacouton","description":"Artisan du Terroir","potentialAction":[{"@type":"SearchAction","target":{"@type":"EntryPoint","urlTemplate":"https:\/\/domainejacouton.fr\/?s={search_term_string}"},"query-input":{"@type":"PropertyValueSpecification","valueRequired":true,"valueName":"search_term_string"}}],"inLanguage":"en-GB"}]}},"_links":{"self":[{"href":"https:\/\/domainejacouton.fr\/en\/wp-json\/wp\/v2\/product\/1830","targetHints":{"allow":["GET"]}}],"collection":[{"href":"https:\/\/domainejacouton.fr\/en\/wp-json\/wp\/v2\/product"}],"about":[{"href":"https:\/\/domainejacouton.fr\/en\/wp-json\/wp\/v2\/types\/product"}],"replies":[{"embeddable":true,"href":"https:\/\/domainejacouton.fr\/en\/wp-json\/wp\/v2\/comments?post=1830"}],"wp:featuredmedia":[{"embeddable":true,"href":"https:\/\/domainejacouton.fr\/en\/wp-json\/wp\/v2\/media\/1637"}],"wp:attachment":[{"href":"https:\/\/domainejacouton.fr\/en\/wp-json\/wp\/v2\/media?parent=1830"}],"wp:term":[{"taxonomy":"product_brand","embeddable":true,"href":"https:\/\/domainejacouton.fr\/en\/wp-json\/wp\/v2\/product_brand?post=1830"},{"taxonomy":"product_cat","embeddable":true,"href":"https:\/\/domainejacouton.fr\/en\/wp-json\/wp\/v2\/product_cat?post=1830"},{"taxonomy":"product_tag","embeddable":true,"href":"https:\/\/domainejacouton.fr\/en\/wp-json\/wp\/v2\/product_tag?post=1830"}],"curies":[{"name":"wp","href":"https:\/\/api.w.org\/{rel}","templated":true}]}}