{"id":1829,"date":"2020-11-25T16:01:25","date_gmt":"2020-11-25T16:01:25","guid":{"rendered":"https:\/\/domainejacouton.fr\/?post_type=product&#038;p=1829"},"modified":"2022-11-04T15:42:46","modified_gmt":"2022-11-04T15:42:46","slug":"tentation","status":"publish","type":"product","link":"https:\/\/domainejacouton.fr\/en\/boutique\/produit\/tentation\/","title":{"rendered":"Tentation"},"content":{"rendered":"<p>Un assemblage atypique ; mais qui loin des pr\u00e9jug\u00e9s correspond \u00e0 ce qui se faisait en blanc avant la naissance des appellations du Rh\u00f4ne nord.<\/p>\n<p>C\u00e9page : 75 % Marsanne et 25 % Chasselas<br \/>\nTerroir : Granitique et alluvions<br \/>\nLes Vignes : Plaines du Rh\u00f4ne<br \/>\nMode de culture : Raisonn\u00e9<br \/>\nVendanges : Manuelles<br \/>\nRendement : 50hl\/ha<\/p>\n<p>Vinification &amp; \u00c9levage en Cave par Jean-Fran\u00e7ois Jacouton.<\/p>\n<p>Pressurage direct en vendange enti\u00e8re puis d\u00e9bourbage \u00e0 froid. Fermentation alcoolique et malo-lactique et \u00e9levage sur lies fine avec b\u00e2tonnage l\u00e9ger en cuve thermor\u00e9gul\u00e9e. \u00c9levage pendant 10 mois.<\/p>\n<p><strong>D\u00e9gustation<\/strong><br \/>\nLa robe cristalline, un nez avec des parfums de citrons de ch\u00e8vrefeuille et d\u2019herbes d\u00e9licates. Avec une bouche fra\u00eeche l\u00e9g\u00e8rement cr\u00e9m\u00e9e, le Chasselas vient amener de la finesse et poli de fa\u00e7on d\u00e9licate et agr\u00e9able le temp\u00e9rament marqu\u00e9 de la Marsanne.<\/p>\n<p><strong>Mon conseil Accords mets et vin<\/strong><br \/>\nA L\u2019ap\u00e9ritif (mais pas glac\u00e9), pour accompagner des crustac\u00e9s ou un poisson de rivi\u00e8re (truite), ou encore un plateau de fromages secs \u2026<\/p>","protected":false},"excerpt":{"rendered":"<div class=\"gg-infobox\">\n<div class=\"gg-infobox\">\n<div class=\"gg-infobox\">\n<div class=\"gg-infobox\">\n<div class=\"description\">\n<div class=\"gg-infobox\">\n<div class=\"gg-infobox\">\n<div id=\"nos-vins\" class=\"vc_row wpb_row vc_row-fluid vc_custom_1585867149442 vc_row-has-fill\" data-vc-full-width=\"true\" data-vc-full-width-init=\"true\">\n<div class=\"wpb_column vc_column_container vc_col-sm-12\">\n<div class=\"vc_column-inner\">\n<div class=\"wpb_wrapper\">\n<div class=\"vc_tta-container\" data-vc-action=\"collapse\">\n<div class=\"vc_general vc_tta vc_tta-tabs vc_tta-color-mulled-wine vc_tta-style-theme vc_tta-shape-rounded vc_tta-spacing-1 vc_tta-tabs-position-top vc_tta-controls-align-center vc_custom_1585865936233\">\n<div class=\"vc_tta-panels-container\">\n<div class=\"vc_tta-panels\">\n<div id=\"souvenirs-andr\u00e9\" class=\"vc_tta-panel blanc vc_active\" data-vc-content=\".vc_tta-panel-body\">\n<div class=\"vc_tta-panel-body\">\n<div class=\"vc_row wpb_row vc_inner vc_row-fluid vc_row-o-equal-height vc_row-flex\">\n<div class=\"wpb_column vc_column_container vc_col-sm-6\">\n<div class=\"vc_column-inner\">\n<div class=\"wpb_wrapper\">\n<div class=\"gg-infobox\">\n<div class=\"gg-infobox\">\n<div class=\"gg-infobox\">\n<h4>C\u00c9PAGES<\/h4>\n<div class=\"description\">\n<p>75 % Marsanne and 25 % Chasselas<\/p>\n<\/div>\n<\/div>\n<div class=\"gg-infobox\">\n<h4>Tasting<\/h4>\n<div class=\"description\">\n<p>Crystalline robe. A nose with lemon, honeysuckle and delicate herbs. A fresh and slightly creamy palate. Chasselas brings finesse and polish in a delicate and pleasant way the Marsanne strong nature.<\/p>\n<\/div>\n<\/div>\n<div class=\"gg-infobox\">\n<h4>ACCORDS METS ET VIN<\/h4>\n<div class=\"description\">\n<p>Around an aperitif (but not iced), with shellfishes, trout or other river fishes, or aged cheeses.<\/p>\n<\/div>\n<\/div>\n<\/div>\n<\/div>\n<\/div>\n<\/div>\n<\/div>\n<\/div>\n<\/div>\n<\/div>\n<\/div>\n<\/div>\n<\/div>\n<\/div>\n<\/div>\n<\/div>\n<\/div>\n<\/div>\n<\/div>\n<\/div>\n<\/div>\n<\/div>\n<\/div>\n<\/div>\n<\/div>","protected":false},"featured_media":1630,"comment_status":"open","ping_status":"closed","template":"","meta":{"_acf_changed":false,"_vp_format_video_url":"","_vp_image_focal_point":[]},"product_brand":[],"product_cat":[29],"product_tag":[],"class_list":{"0":"post-1829","1":"product","2":"type-product","3":"status-publish","4":"has-post-thumbnail","6":"product_cat-vin","8":"first","9":"outofstock","10":"taxable","11":"shipping-taxable","12":"purchasable","13":"product-type-simple"},"acf":[],"yoast_head":"<!-- This site is optimized with the Yoast SEO plugin v24.6 - https:\/\/yoast.com\/wordpress\/plugins\/seo\/ -->\n<title>Tentation - Domaine Jacouton<\/title>\n<meta name=\"robots\" content=\"index, follow, max-snippet:-1, max-image-preview:large, max-video-preview:-1\" \/>\n<link rel=\"canonical\" href=\"https:\/\/domainejacouton.fr\/en\/boutique\/produit\/tentation\/\" \/>\n<meta property=\"og:locale\" content=\"en_GB\" \/>\n<meta property=\"og:type\" content=\"article\" \/>\n<meta property=\"og:title\" content=\"Tentation - Domaine Jacouton\" \/>\n<meta property=\"og:description\" content=\"C\u00c9PAGES   75 % Marsanne et 25 % Chasselas     D\u00c9GUSTATION   Une robe cristalline, un nez avec des parfums de citrons de ch\u00e8vrefeuille et d\u2019herbes d\u00e9licates. Une bouche fra\u00eeche l\u00e9g\u00e8rement cr\u00e9m\u00e9e. Le Chasselas vient amener de la finesse et poli de fa\u00e7on d\u00e9licate et agr\u00e9able le temp\u00e9rament marqu\u00e9 de la Marsanne.     ACCORDS METS ET VIN   A L\u2019ap\u00e9ritif (mais pas glac\u00e9), pour accompagner des crustac\u00e9s, poisson de rivi\u00e8re comme la truite, ou des fromages secs.\" \/>\n<meta property=\"og:url\" content=\"https:\/\/domainejacouton.fr\/en\/boutique\/produit\/tentation\/\" \/>\n<meta property=\"og:site_name\" content=\"Domaine Jacouton\" \/>\n<meta property=\"article:modified_time\" content=\"2022-11-04T15:42:46+00:00\" \/>\n<meta property=\"og:image\" content=\"https:\/\/domainejacouton.fr\/wp-content\/uploads\/2020\/04\/JACOUTON-Bouteille-3.png\" \/>\n\t<meta property=\"og:image:width\" content=\"548\" \/>\n\t<meta property=\"og:image:height\" content=\"1500\" \/>\n\t<meta property=\"og:image:type\" content=\"image\/png\" \/>\n<meta name=\"twitter:card\" content=\"summary_large_image\" \/>\n<meta name=\"twitter:label1\" content=\"Estimated reading time\" \/>\n\t<meta name=\"twitter:data1\" content=\"1 minute\" \/>\n<script type=\"application\/ld+json\" class=\"yoast-schema-graph\">{\"@context\":\"https:\/\/schema.org\",\"@graph\":[{\"@type\":\"WebPage\",\"@id\":\"https:\/\/domainejacouton.fr\/boutique\/produit\/tentation\/\",\"url\":\"https:\/\/domainejacouton.fr\/boutique\/produit\/tentation\/\",\"name\":\"Tentation - Domaine Jacouton\",\"isPartOf\":{\"@id\":\"https:\/\/domainejacouton.fr\/#website\"},\"primaryImageOfPage\":{\"@id\":\"https:\/\/domainejacouton.fr\/boutique\/produit\/tentation\/#primaryimage\"},\"image\":{\"@id\":\"https:\/\/domainejacouton.fr\/boutique\/produit\/tentation\/#primaryimage\"},\"thumbnailUrl\":\"https:\/\/domainejacouton.fr\/wp-content\/uploads\/2020\/04\/JACOUTON-Bouteille-3.png\",\"datePublished\":\"2020-11-25T16:01:25+00:00\",\"dateModified\":\"2022-11-04T15:42:46+00:00\",\"breadcrumb\":{\"@id\":\"https:\/\/domainejacouton.fr\/boutique\/produit\/tentation\/#breadcrumb\"},\"inLanguage\":\"en-GB\",\"potentialAction\":[{\"@type\":\"ReadAction\",\"target\":[\"https:\/\/domainejacouton.fr\/boutique\/produit\/tentation\/\"]}]},{\"@type\":\"ImageObject\",\"inLanguage\":\"en-GB\",\"@id\":\"https:\/\/domainejacouton.fr\/boutique\/produit\/tentation\/#primaryimage\",\"url\":\"https:\/\/domainejacouton.fr\/wp-content\/uploads\/2020\/04\/JACOUTON-Bouteille-3.png\",\"contentUrl\":\"https:\/\/domainejacouton.fr\/wp-content\/uploads\/2020\/04\/JACOUTON-Bouteille-3.png\",\"width\":548,\"height\":1500,\"caption\":\"domaine jacouton marsanne chasselas tentation\"},{\"@type\":\"BreadcrumbList\",\"@id\":\"https:\/\/domainejacouton.fr\/boutique\/produit\/tentation\/#breadcrumb\",\"itemListElement\":[{\"@type\":\"ListItem\",\"position\":1,\"name\":\"Accueil\",\"item\":\"https:\/\/domainejacouton.fr\/\"},{\"@type\":\"ListItem\",\"position\":2,\"name\":\"Boutique\",\"item\":\"https:\/\/domainejacouton.fr\/boutique\/\"},{\"@type\":\"ListItem\",\"position\":3,\"name\":\"Tentation\"}]},{\"@type\":\"WebSite\",\"@id\":\"https:\/\/domainejacouton.fr\/#website\",\"url\":\"https:\/\/domainejacouton.fr\/\",\"name\":\"Domaine Jacouton\",\"description\":\"Artisan du Terroir\",\"potentialAction\":[{\"@type\":\"SearchAction\",\"target\":{\"@type\":\"EntryPoint\",\"urlTemplate\":\"https:\/\/domainejacouton.fr\/?s={search_term_string}\"},\"query-input\":{\"@type\":\"PropertyValueSpecification\",\"valueRequired\":true,\"valueName\":\"search_term_string\"}}],\"inLanguage\":\"en-GB\"}]}<\/script>\n<!-- \/ Yoast SEO plugin. -->","yoast_head_json":{"title":"Tentation - Domaine Jacouton","robots":{"index":"index","follow":"follow","max-snippet":"max-snippet:-1","max-image-preview":"max-image-preview:large","max-video-preview":"max-video-preview:-1"},"canonical":"https:\/\/domainejacouton.fr\/en\/boutique\/produit\/tentation\/","og_locale":"en_GB","og_type":"article","og_title":"Tentation - Domaine Jacouton","og_description":"C\u00c9PAGES   75 % Marsanne et 25 % Chasselas     D\u00c9GUSTATION   Une robe cristalline, un nez avec des parfums de citrons de ch\u00e8vrefeuille et d\u2019herbes d\u00e9licates. Une bouche fra\u00eeche l\u00e9g\u00e8rement cr\u00e9m\u00e9e. Le Chasselas vient amener de la finesse et poli de fa\u00e7on d\u00e9licate et agr\u00e9able le temp\u00e9rament marqu\u00e9 de la Marsanne.     ACCORDS METS ET VIN   A L\u2019ap\u00e9ritif (mais pas glac\u00e9), pour accompagner des crustac\u00e9s, poisson de rivi\u00e8re comme la truite, ou des fromages secs.","og_url":"https:\/\/domainejacouton.fr\/en\/boutique\/produit\/tentation\/","og_site_name":"Domaine Jacouton","article_modified_time":"2022-11-04T15:42:46+00:00","og_image":[{"width":548,"height":1500,"url":"https:\/\/domainejacouton.fr\/wp-content\/uploads\/2020\/04\/JACOUTON-Bouteille-3.png","type":"image\/png"}],"twitter_card":"summary_large_image","twitter_misc":{"Estimated reading time":"1 minute"},"schema":{"@context":"https:\/\/schema.org","@graph":[{"@type":"WebPage","@id":"https:\/\/domainejacouton.fr\/boutique\/produit\/tentation\/","url":"https:\/\/domainejacouton.fr\/boutique\/produit\/tentation\/","name":"Tentation - Domaine Jacouton","isPartOf":{"@id":"https:\/\/domainejacouton.fr\/#website"},"primaryImageOfPage":{"@id":"https:\/\/domainejacouton.fr\/boutique\/produit\/tentation\/#primaryimage"},"image":{"@id":"https:\/\/domainejacouton.fr\/boutique\/produit\/tentation\/#primaryimage"},"thumbnailUrl":"https:\/\/domainejacouton.fr\/wp-content\/uploads\/2020\/04\/JACOUTON-Bouteille-3.png","datePublished":"2020-11-25T16:01:25+00:00","dateModified":"2022-11-04T15:42:46+00:00","breadcrumb":{"@id":"https:\/\/domainejacouton.fr\/boutique\/produit\/tentation\/#breadcrumb"},"inLanguage":"en-GB","potentialAction":[{"@type":"ReadAction","target":["https:\/\/domainejacouton.fr\/boutique\/produit\/tentation\/"]}]},{"@type":"ImageObject","inLanguage":"en-GB","@id":"https:\/\/domainejacouton.fr\/boutique\/produit\/tentation\/#primaryimage","url":"https:\/\/domainejacouton.fr\/wp-content\/uploads\/2020\/04\/JACOUTON-Bouteille-3.png","contentUrl":"https:\/\/domainejacouton.fr\/wp-content\/uploads\/2020\/04\/JACOUTON-Bouteille-3.png","width":548,"height":1500,"caption":"domaine jacouton marsanne chasselas tentation"},{"@type":"BreadcrumbList","@id":"https:\/\/domainejacouton.fr\/boutique\/produit\/tentation\/#breadcrumb","itemListElement":[{"@type":"ListItem","position":1,"name":"Accueil","item":"https:\/\/domainejacouton.fr\/"},{"@type":"ListItem","position":2,"name":"Boutique","item":"https:\/\/domainejacouton.fr\/boutique\/"},{"@type":"ListItem","position":3,"name":"Tentation"}]},{"@type":"WebSite","@id":"https:\/\/domainejacouton.fr\/#website","url":"https:\/\/domainejacouton.fr\/","name":"Domaine Jacouton","description":"Artisan du Terroir","potentialAction":[{"@type":"SearchAction","target":{"@type":"EntryPoint","urlTemplate":"https:\/\/domainejacouton.fr\/?s={search_term_string}"},"query-input":{"@type":"PropertyValueSpecification","valueRequired":true,"valueName":"search_term_string"}}],"inLanguage":"en-GB"}]}},"_links":{"self":[{"href":"https:\/\/domainejacouton.fr\/en\/wp-json\/wp\/v2\/product\/1829","targetHints":{"allow":["GET"]}}],"collection":[{"href":"https:\/\/domainejacouton.fr\/en\/wp-json\/wp\/v2\/product"}],"about":[{"href":"https:\/\/domainejacouton.fr\/en\/wp-json\/wp\/v2\/types\/product"}],"replies":[{"embeddable":true,"href":"https:\/\/domainejacouton.fr\/en\/wp-json\/wp\/v2\/comments?post=1829"}],"wp:featuredmedia":[{"embeddable":true,"href":"https:\/\/domainejacouton.fr\/en\/wp-json\/wp\/v2\/media\/1630"}],"wp:attachment":[{"href":"https:\/\/domainejacouton.fr\/en\/wp-json\/wp\/v2\/media?parent=1829"}],"wp:term":[{"taxonomy":"product_brand","embeddable":true,"href":"https:\/\/domainejacouton.fr\/en\/wp-json\/wp\/v2\/product_brand?post=1829"},{"taxonomy":"product_cat","embeddable":true,"href":"https:\/\/domainejacouton.fr\/en\/wp-json\/wp\/v2\/product_cat?post=1829"},{"taxonomy":"product_tag","embeddable":true,"href":"https:\/\/domainejacouton.fr\/en\/wp-json\/wp\/v2\/product_tag?post=1829"}],"curies":[{"name":"wp","href":"https:\/\/api.w.org\/{rel}","templated":true}]}}