{"id":1827,"date":"2020-11-25T15:56:53","date_gmt":"2020-11-25T15:56:53","guid":{"rendered":"https:\/\/domainejacouton.fr\/?post_type=product&#038;p=1827"},"modified":"2024-10-29T19:13:16","modified_gmt":"2024-10-29T19:13:16","slug":"souvenir-andre","status":"publish","type":"product","link":"https:\/\/domainejacouton.fr\/en\/boutique\/produit\/souvenir-andre\/","title":{"rendered":"Souvenirs d&rsquo;Andr\u00e9"},"content":{"rendered":"<p>Cette Cuv\u00e9e porte le pr\u00e9nom de mon Grand-P\u00e8re en souvenir de la plantation d\u2019une vignes de blanc que nous avions fait ensemble. Ce vin est sur la finesse et l\u2019\u00e9l\u00e9gance.<\/p>\n<p>C\u00e9page : 50 % Marsanne \u2013 50 % Roussanne<br \/>\nTerroir : Granitique.<br \/>\nLes Vignes : en coteaux<br \/>\nMode de culture : Raisonn\u00e9<br \/>\nVendanges : Manuelles<br \/>\nRendement : Celui de l\u2019appellation 40hl\/ha<\/p>\n<p>Vinification &amp; \u00c9levage en Cave par Jean-Fran\u00e7ois Jacouton.<\/p>\n<p>Pressurage direct en vendange enti\u00e8re et d\u00e9bourbage \u00e0 froid. Fermentation alcoolique et malo-lactique en f\u00fbt (1 \u00e0 3 vins) sur lies fine avec b\u00e2tonnage r\u00e9gulier. \u00c9levage dans les m\u00eames barriques pendant 10 mois.<\/p>\n<p><strong>D\u00e9gustation<\/strong><br \/>\nLa robe est d\u2019un beau jaune franc, le nez avec de belles notes florale et un bois\u00e9 \u00e0 peine perceptible. En bouche, l\u2019attaque est ronde avec un bouquet fruit\u00e9e o\u00f9 se m\u00ealent des ar\u00f4mes de fleur blanche. La bouche est ample et structur\u00e9e par une fra\u00eecheur bien enrob\u00e9e. Une bonne longueur fine et \u00e9l\u00e9gante.<\/p>\n<p><strong>Mon conseil Accords mets et vin<\/strong><br \/>\nA L\u2019ap\u00e9ritif (mais pas glac\u00e9), avec une volaille de Bresse cr\u00e8me et Morilles, une Sole au beurre blanc ou un plateau de fromages \u2026<\/p>","protected":false},"excerpt":{"rendered":"<div class=\"gg-infobox\">\n<div class=\"gg-infobox\">\n<div class=\"gg-infobox\">\n<div class=\"gg-infobox\">\n<div class=\"description\">\n<div class=\"gg-infobox\">\n<div class=\"gg-infobox\">\n<div id=\"nos-vins\" class=\"vc_row wpb_row vc_row-fluid vc_custom_1585867149442 vc_row-has-fill\" data-vc-full-width=\"true\" data-vc-full-width-init=\"true\">\n<div class=\"wpb_column vc_column_container vc_col-sm-12\">\n<div class=\"vc_column-inner\">\n<div class=\"wpb_wrapper\">\n<div class=\"vc_tta-container\" data-vc-action=\"collapse\">\n<div class=\"vc_general vc_tta vc_tta-tabs vc_tta-color-mulled-wine vc_tta-style-theme vc_tta-shape-rounded vc_tta-spacing-1 vc_tta-tabs-position-top vc_tta-controls-align-center vc_custom_1585865936233\">\n<div class=\"vc_tta-panels-container\">\n<div class=\"vc_tta-panels\">\n<div id=\"souvenirs-andr\u00e9\" class=\"vc_tta-panel blanc vc_active\" data-vc-content=\".vc_tta-panel-body\">\n<div class=\"vc_tta-panel-body\">\n<div class=\"vc_row wpb_row vc_inner vc_row-fluid vc_row-o-equal-height vc_row-flex\">\n<div class=\"wpb_column vc_column_container vc_col-sm-6\">\n<div class=\"vc_column-inner\">\n<div class=\"wpb_wrapper\">\n<div class=\"gg-infobox\">\n<h4>C\u00c9PAGES<\/h4>\n<div class=\"description\">\n<p>50 % Marsanne \u2013 50 % Roussanne<\/p>\n<\/div>\n<\/div>\n<div class=\"gg-infobox\">\n<h4>Tasting<\/h4>\n<div class=\"description\">\n<p>Robe is a beautiful bright yellow. Nose has beautiful floral notes and a barely perceptible woody note. Palate is ample and structured with a well coated freshness, a fruity bouquet with white flowers aromas. A fine and elegant long finish.<\/p>\n<\/div>\n<\/div>\n<div class=\"gg-infobox\">\n<h4>ACCORDS METS ET VIN<\/h4>\n<div class=\"description\">\n<p>Around an aperitif (but not iced), Bresse chicken  with cream and morels, sole cooked in a white butter sauce, or around a cheese board.<br \/>\nMorille, Sole au beurre blanc ou encore une plateau de fromage.<\/p>\n<\/div>\n<\/div>\n<\/div>\n<\/div>\n<\/div>\n<\/div>\n<\/div>\n<\/div>\n<\/div>\n<\/div>\n<\/div>\n<\/div>\n<\/div>\n<\/div>\n<\/div>\n<\/div>\n<\/div>\n<\/div>\n<\/div>\n<\/div>\n<\/div>\n<\/div>\n<\/div>","protected":false},"featured_media":1636,"comment_status":"open","ping_status":"closed","template":"","meta":{"_acf_changed":false,"_vp_format_video_url":"","_vp_image_focal_point":[]},"product_brand":[],"product_cat":[29],"product_tag":[],"class_list":{"0":"post-1827","1":"product","2":"type-product","3":"status-publish","4":"has-post-thumbnail","6":"product_cat-vin","8":"first","9":"instock","10":"taxable","11":"shipping-taxable","12":"purchasable","13":"product-type-variable"},"acf":[],"yoast_head":"<!-- This site is optimized with the Yoast SEO plugin v24.6 - https:\/\/yoast.com\/wordpress\/plugins\/seo\/ -->\n<title>Souvenirs d&#039;Andr\u00e9 - Domaine Jacouton<\/title>\n<meta name=\"robots\" content=\"index, follow, max-snippet:-1, max-image-preview:large, max-video-preview:-1\" \/>\n<link rel=\"canonical\" href=\"https:\/\/domainejacouton.fr\/en\/boutique\/produit\/souvenir-andre\/\" \/>\n<meta property=\"og:locale\" content=\"en_GB\" \/>\n<meta property=\"og:type\" content=\"article\" \/>\n<meta property=\"og:title\" content=\"Souvenirs d&#039;Andr\u00e9 - Domaine Jacouton\" \/>\n<meta property=\"og:description\" content=\"C\u00c9PAGES   50 % Marsanne \u2013 50 % Roussanne     D\u00c9GUSTATION   La robe est d\u2019un beau jaune franc \u2013 le nez avec de belles notes florale et un bois\u00e9 \u00e0 peine perceptible. En bouche, l\u2019attaque est ronde avec un bouquet fruit\u00e9e o\u00f9 les m\u00eale des ar\u00f4mes de fleur blanche. La bouche est ample et structur\u00e9e par une fra\u00eecheur bien enrob\u00e9e. Une bonne longueur fine et \u00e9l\u00e9gante.     ACCORDS METS ET VIN   A L\u2019ap\u00e9ritif (mais pas glac\u00e9), Volaille de Bresse cr\u00e8me et Morille, Sole au beurre blanc ou encore une plateau de fromage.\" \/>\n<meta property=\"og:url\" content=\"https:\/\/domainejacouton.fr\/en\/boutique\/produit\/souvenir-andre\/\" \/>\n<meta property=\"og:site_name\" content=\"Domaine Jacouton\" \/>\n<meta property=\"article:modified_time\" content=\"2024-10-29T19:13:16+00:00\" \/>\n<meta property=\"og:image\" content=\"https:\/\/domainejacouton.fr\/wp-content\/uploads\/2020\/04\/JACOUTON-Bouteille-9.png\" \/>\n\t<meta property=\"og:image:width\" content=\"528\" \/>\n\t<meta property=\"og:image:height\" content=\"1500\" \/>\n\t<meta property=\"og:image:type\" content=\"image\/png\" \/>\n<meta name=\"twitter:card\" content=\"summary_large_image\" \/>\n<meta name=\"twitter:label1\" content=\"Estimated reading time\" \/>\n\t<meta name=\"twitter:data1\" content=\"1 minute\" \/>\n<script type=\"application\/ld+json\" class=\"yoast-schema-graph\">{\"@context\":\"https:\/\/schema.org\",\"@graph\":[{\"@type\":\"WebPage\",\"@id\":\"https:\/\/domainejacouton.fr\/boutique\/produit\/souvenir-andre\/\",\"url\":\"https:\/\/domainejacouton.fr\/boutique\/produit\/souvenir-andre\/\",\"name\":\"Souvenirs d'Andr\u00e9 - Domaine Jacouton\",\"isPartOf\":{\"@id\":\"https:\/\/domainejacouton.fr\/#website\"},\"primaryImageOfPage\":{\"@id\":\"https:\/\/domainejacouton.fr\/boutique\/produit\/souvenir-andre\/#primaryimage\"},\"image\":{\"@id\":\"https:\/\/domainejacouton.fr\/boutique\/produit\/souvenir-andre\/#primaryimage\"},\"thumbnailUrl\":\"https:\/\/domainejacouton.fr\/wp-content\/uploads\/2020\/04\/JACOUTON-Bouteille-9.png\",\"datePublished\":\"2020-11-25T15:56:53+00:00\",\"dateModified\":\"2024-10-29T19:13:16+00:00\",\"breadcrumb\":{\"@id\":\"https:\/\/domainejacouton.fr\/boutique\/produit\/souvenir-andre\/#breadcrumb\"},\"inLanguage\":\"en-GB\",\"potentialAction\":[{\"@type\":\"ReadAction\",\"target\":[\"https:\/\/domainejacouton.fr\/boutique\/produit\/souvenir-andre\/\"]}]},{\"@type\":\"ImageObject\",\"inLanguage\":\"en-GB\",\"@id\":\"https:\/\/domainejacouton.fr\/boutique\/produit\/souvenir-andre\/#primaryimage\",\"url\":\"https:\/\/domainejacouton.fr\/wp-content\/uploads\/2020\/04\/JACOUTON-Bouteille-9.png\",\"contentUrl\":\"https:\/\/domainejacouton.fr\/wp-content\/uploads\/2020\/04\/JACOUTON-Bouteille-9.png\",\"width\":528,\"height\":1500,\"caption\":\"domaine jacouton saint joseph souvenirs d'andr\u00e9\"},{\"@type\":\"BreadcrumbList\",\"@id\":\"https:\/\/domainejacouton.fr\/boutique\/produit\/souvenir-andre\/#breadcrumb\",\"itemListElement\":[{\"@type\":\"ListItem\",\"position\":1,\"name\":\"Accueil\",\"item\":\"https:\/\/domainejacouton.fr\/\"},{\"@type\":\"ListItem\",\"position\":2,\"name\":\"Boutique\",\"item\":\"https:\/\/domainejacouton.fr\/boutique\/\"},{\"@type\":\"ListItem\",\"position\":3,\"name\":\"Souvenirs d&rsquo;Andr\u00e9\"}]},{\"@type\":\"WebSite\",\"@id\":\"https:\/\/domainejacouton.fr\/#website\",\"url\":\"https:\/\/domainejacouton.fr\/\",\"name\":\"Domaine Jacouton\",\"description\":\"Artisan du Terroir\",\"potentialAction\":[{\"@type\":\"SearchAction\",\"target\":{\"@type\":\"EntryPoint\",\"urlTemplate\":\"https:\/\/domainejacouton.fr\/?s={search_term_string}\"},\"query-input\":{\"@type\":\"PropertyValueSpecification\",\"valueRequired\":true,\"valueName\":\"search_term_string\"}}],\"inLanguage\":\"en-GB\"}]}<\/script>\n<!-- \/ Yoast SEO plugin. -->","yoast_head_json":{"title":"Souvenirs d'Andr\u00e9 - Domaine Jacouton","robots":{"index":"index","follow":"follow","max-snippet":"max-snippet:-1","max-image-preview":"max-image-preview:large","max-video-preview":"max-video-preview:-1"},"canonical":"https:\/\/domainejacouton.fr\/en\/boutique\/produit\/souvenir-andre\/","og_locale":"en_GB","og_type":"article","og_title":"Souvenirs d'Andr\u00e9 - Domaine Jacouton","og_description":"C\u00c9PAGES   50 % Marsanne \u2013 50 % Roussanne     D\u00c9GUSTATION   La robe est d\u2019un beau jaune franc \u2013 le nez avec de belles notes florale et un bois\u00e9 \u00e0 peine perceptible. En bouche, l\u2019attaque est ronde avec un bouquet fruit\u00e9e o\u00f9 les m\u00eale des ar\u00f4mes de fleur blanche. La bouche est ample et structur\u00e9e par une fra\u00eecheur bien enrob\u00e9e. Une bonne longueur fine et \u00e9l\u00e9gante.     ACCORDS METS ET VIN   A L\u2019ap\u00e9ritif (mais pas glac\u00e9), Volaille de Bresse cr\u00e8me et Morille, Sole au beurre blanc ou encore une plateau de fromage.","og_url":"https:\/\/domainejacouton.fr\/en\/boutique\/produit\/souvenir-andre\/","og_site_name":"Domaine Jacouton","article_modified_time":"2024-10-29T19:13:16+00:00","og_image":[{"width":528,"height":1500,"url":"https:\/\/domainejacouton.fr\/wp-content\/uploads\/2020\/04\/JACOUTON-Bouteille-9.png","type":"image\/png"}],"twitter_card":"summary_large_image","twitter_misc":{"Estimated reading time":"1 minute"},"schema":{"@context":"https:\/\/schema.org","@graph":[{"@type":"WebPage","@id":"https:\/\/domainejacouton.fr\/boutique\/produit\/souvenir-andre\/","url":"https:\/\/domainejacouton.fr\/boutique\/produit\/souvenir-andre\/","name":"Souvenirs d'Andr\u00e9 - Domaine Jacouton","isPartOf":{"@id":"https:\/\/domainejacouton.fr\/#website"},"primaryImageOfPage":{"@id":"https:\/\/domainejacouton.fr\/boutique\/produit\/souvenir-andre\/#primaryimage"},"image":{"@id":"https:\/\/domainejacouton.fr\/boutique\/produit\/souvenir-andre\/#primaryimage"},"thumbnailUrl":"https:\/\/domainejacouton.fr\/wp-content\/uploads\/2020\/04\/JACOUTON-Bouteille-9.png","datePublished":"2020-11-25T15:56:53+00:00","dateModified":"2024-10-29T19:13:16+00:00","breadcrumb":{"@id":"https:\/\/domainejacouton.fr\/boutique\/produit\/souvenir-andre\/#breadcrumb"},"inLanguage":"en-GB","potentialAction":[{"@type":"ReadAction","target":["https:\/\/domainejacouton.fr\/boutique\/produit\/souvenir-andre\/"]}]},{"@type":"ImageObject","inLanguage":"en-GB","@id":"https:\/\/domainejacouton.fr\/boutique\/produit\/souvenir-andre\/#primaryimage","url":"https:\/\/domainejacouton.fr\/wp-content\/uploads\/2020\/04\/JACOUTON-Bouteille-9.png","contentUrl":"https:\/\/domainejacouton.fr\/wp-content\/uploads\/2020\/04\/JACOUTON-Bouteille-9.png","width":528,"height":1500,"caption":"domaine jacouton saint joseph souvenirs d'andr\u00e9"},{"@type":"BreadcrumbList","@id":"https:\/\/domainejacouton.fr\/boutique\/produit\/souvenir-andre\/#breadcrumb","itemListElement":[{"@type":"ListItem","position":1,"name":"Accueil","item":"https:\/\/domainejacouton.fr\/"},{"@type":"ListItem","position":2,"name":"Boutique","item":"https:\/\/domainejacouton.fr\/boutique\/"},{"@type":"ListItem","position":3,"name":"Souvenirs d&rsquo;Andr\u00e9"}]},{"@type":"WebSite","@id":"https:\/\/domainejacouton.fr\/#website","url":"https:\/\/domainejacouton.fr\/","name":"Domaine Jacouton","description":"Artisan du Terroir","potentialAction":[{"@type":"SearchAction","target":{"@type":"EntryPoint","urlTemplate":"https:\/\/domainejacouton.fr\/?s={search_term_string}"},"query-input":{"@type":"PropertyValueSpecification","valueRequired":true,"valueName":"search_term_string"}}],"inLanguage":"en-GB"}]}},"_links":{"self":[{"href":"https:\/\/domainejacouton.fr\/en\/wp-json\/wp\/v2\/product\/1827","targetHints":{"allow":["GET"]}}],"collection":[{"href":"https:\/\/domainejacouton.fr\/en\/wp-json\/wp\/v2\/product"}],"about":[{"href":"https:\/\/domainejacouton.fr\/en\/wp-json\/wp\/v2\/types\/product"}],"replies":[{"embeddable":true,"href":"https:\/\/domainejacouton.fr\/en\/wp-json\/wp\/v2\/comments?post=1827"}],"wp:featuredmedia":[{"embeddable":true,"href":"https:\/\/domainejacouton.fr\/en\/wp-json\/wp\/v2\/media\/1636"}],"wp:attachment":[{"href":"https:\/\/domainejacouton.fr\/en\/wp-json\/wp\/v2\/media?parent=1827"}],"wp:term":[{"taxonomy":"product_brand","embeddable":true,"href":"https:\/\/domainejacouton.fr\/en\/wp-json\/wp\/v2\/product_brand?post=1827"},{"taxonomy":"product_cat","embeddable":true,"href":"https:\/\/domainejacouton.fr\/en\/wp-json\/wp\/v2\/product_cat?post=1827"},{"taxonomy":"product_tag","embeddable":true,"href":"https:\/\/domainejacouton.fr\/en\/wp-json\/wp\/v2\/product_tag?post=1827"}],"curies":[{"name":"wp","href":"https:\/\/api.w.org\/{rel}","templated":true}]}}