{"id":1826,"date":"2020-11-25T15:53:53","date_gmt":"2020-11-25T15:53:53","guid":{"rendered":"https:\/\/domainejacouton.fr\/?post_type=product&#038;p=1826"},"modified":"2022-01-24T09:59:23","modified_gmt":"2022-01-24T09:59:23","slug":"a-deux-pas","status":"publish","type":"product","link":"https:\/\/domainejacouton.fr\/en\/boutique\/produit\/a-deux-pas\/","title":{"rendered":"\u00c0 Deux Pas"},"content":{"rendered":"<p>Une syrah travaill\u00e9 afin d\u2019avoir dans la gamme, un vin \u00ab de Copains \u00bb qui se situe \u00ab A deux pas \u00bb de l\u2019appellation St Joseph.<\/p>\n<p>C\u00e9page : 100 % Syrah<br \/>\nTerroir : Granitique.<br \/>\nLes Vignes : 35 ans m\u00e9canis\u00e9es<br \/>\nMode de culture : Raisonn\u00e9<br \/>\nVendanges : Manuelles<br \/>\nRendement : 50hl\/ha<\/p>\n<p>Vinification &amp; \u00c9levage en Cave par Jean-Fran\u00e7ois Jacouton.<\/p>\n<p>\u00c9grappage \u00e0 100 % puis cuvaison de 16 \u00e0 18 jours avec pigeage et remontage journaliers<br \/>\n\u00c9levage, 50 % en f\u00fbt de ch\u00eane (entre 3 et 6 vins) et 50 % en cuve tronc-conique bois pendant 10 mois.<br \/>\nMise en bouteille apr\u00e8s filtration tangentielle<\/p>\n<p><strong>D\u00e9gustation<\/strong><br \/>\nLa robe gourmande d\u2019un beau rouge Rubis aux refletsviolac\u00e9s. Le nez caract\u00e9ristique d\u2019une Syrah m\u00fbre, sur les fruits noirs, le poivre. Une bouche, riche et gourmande, une syrah sur la finesse et les fruits rouge qui tiens toute ses promesses.<\/p>\n<p><strong>Mon conseil Accords mets et vin<\/strong><br \/>\nEn ap\u00e9ritif entre amis avec de la cochonnaille et finir la bouteille autour d\u2019un barbecue ou d\u2019une simple omelette \u2026 Bref une Syrah conviviale.<\/p>","protected":false},"excerpt":{"rendered":"<div class=\"gg-infobox\">\n<div class=\"gg-infobox\">\n<div class=\"gg-infobox\">\n<div class=\"gg-infobox\">\n<div class=\"description\">\n<div class=\"gg-infobox\">\n<div class=\"gg-infobox\">\n<h4>C\u00c9PAGES<\/h4>\n<div class=\"description\">\n<p>100% Syrah<\/p>\n<\/div>\n<\/div>\n<div class=\"gg-infobox\">\n<h4>Tasting<\/h4>\n<div class=\"description\">\n<p>The robe, a beautiful ruby red with purplish reflections, is greedy. Nose is characteristic of a ripe Syrah, on black fruits and pepper. A Syrah with finesse and red fruits that holds all its promises. Palate is rich and greedy.<br \/>\npromesses.<\/p>\n<\/div>\n<\/div>\n<div class=\"gg-infobox\">\n<h4>ACCORDS METS ET VIN<\/h4>\n<div class=\"description\">\n<p>En ap\u00e9ritif entre amis avec de la cochonnaille et finir la bouteille autour d\u2019un barbecue ou d\u2019une simple omelette \u2026 Bref une Syrah conviviale<\/p>\n<\/div>\n<\/div>\n<\/div>\n<\/div>\n<\/div>\n<\/div>\n<\/div>\n<\/div>","protected":false},"featured_media":1629,"comment_status":"open","ping_status":"closed","template":"","meta":{"_acf_changed":false,"_vp_format_video_url":"","_vp_image_focal_point":[]},"product_brand":[],"product_cat":[29],"product_tag":[],"class_list":{"0":"post-1826","1":"product","2":"type-product","3":"status-publish","4":"has-post-thumbnail","6":"product_cat-vin","8":"first","9":"instock","10":"taxable","11":"shipping-taxable","12":"purchasable","13":"product-type-variable"},"acf":[],"yoast_head":"<!-- This site is optimized with the Yoast SEO plugin v24.6 - https:\/\/yoast.com\/wordpress\/plugins\/seo\/ -->\n<title>\u00c0 Deux Pas - Domaine Jacouton<\/title>\n<meta name=\"robots\" content=\"index, follow, max-snippet:-1, max-image-preview:large, max-video-preview:-1\" \/>\n<link rel=\"canonical\" href=\"https:\/\/domainejacouton.fr\/en\/boutique\/produit\/a-deux-pas\/\" \/>\n<meta property=\"og:locale\" content=\"en_GB\" \/>\n<meta property=\"og:type\" content=\"article\" \/>\n<meta property=\"og:title\" content=\"\u00c0 Deux Pas - Domaine Jacouton\" \/>\n<meta property=\"og:description\" content=\"C\u00c9PAGES   100% Syrah     D\u00c9GUSTATION   La robe gourmande d\u2019un beau rouge Rubis aux reflets violac\u00e9s, le nez caract\u00e9ristique d\u2019une Syrah m\u00fbre, sur les fruits noirs, le poivre. Une bouche, riche et gourmande, une syrah sur la finesse et les fruits rouge qui tiens toute ses promesses.     ACCORDS METS ET VIN   En ap\u00e9ritif entre amis avec de la cochonnaille et finir la bouteille autour d\u2019un barbecue ou d\u2019une simple omelette \u2026 Bref une Syrah conviviale\" \/>\n<meta property=\"og:url\" content=\"https:\/\/domainejacouton.fr\/en\/boutique\/produit\/a-deux-pas\/\" \/>\n<meta property=\"og:site_name\" content=\"Domaine Jacouton\" \/>\n<meta property=\"article:modified_time\" content=\"2022-01-24T09:59:23+00:00\" \/>\n<meta property=\"og:image\" content=\"https:\/\/domainejacouton.fr\/wp-content\/uploads\/2020\/04\/JACOUTON-Bouteille-2.png\" \/>\n\t<meta property=\"og:image:width\" content=\"521\" \/>\n\t<meta property=\"og:image:height\" content=\"1500\" \/>\n\t<meta property=\"og:image:type\" content=\"image\/png\" \/>\n<meta name=\"twitter:card\" content=\"summary_large_image\" \/>\n<meta name=\"twitter:label1\" content=\"Estimated reading time\" \/>\n\t<meta name=\"twitter:data1\" content=\"1 minute\" \/>\n<script type=\"application\/ld+json\" class=\"yoast-schema-graph\">{\"@context\":\"https:\/\/schema.org\",\"@graph\":[{\"@type\":\"WebPage\",\"@id\":\"https:\/\/domainejacouton.fr\/boutique\/produit\/a-deux-pas\/\",\"url\":\"https:\/\/domainejacouton.fr\/boutique\/produit\/a-deux-pas\/\",\"name\":\"\u00c0 Deux Pas - Domaine Jacouton\",\"isPartOf\":{\"@id\":\"https:\/\/domainejacouton.fr\/#website\"},\"primaryImageOfPage\":{\"@id\":\"https:\/\/domainejacouton.fr\/boutique\/produit\/a-deux-pas\/#primaryimage\"},\"image\":{\"@id\":\"https:\/\/domainejacouton.fr\/boutique\/produit\/a-deux-pas\/#primaryimage\"},\"thumbnailUrl\":\"https:\/\/domainejacouton.fr\/wp-content\/uploads\/2020\/04\/JACOUTON-Bouteille-2.png\",\"datePublished\":\"2020-11-25T15:53:53+00:00\",\"dateModified\":\"2022-01-24T09:59:23+00:00\",\"breadcrumb\":{\"@id\":\"https:\/\/domainejacouton.fr\/boutique\/produit\/a-deux-pas\/#breadcrumb\"},\"inLanguage\":\"en-GB\",\"potentialAction\":[{\"@type\":\"ReadAction\",\"target\":[\"https:\/\/domainejacouton.fr\/boutique\/produit\/a-deux-pas\/\"]}]},{\"@type\":\"ImageObject\",\"inLanguage\":\"en-GB\",\"@id\":\"https:\/\/domainejacouton.fr\/boutique\/produit\/a-deux-pas\/#primaryimage\",\"url\":\"https:\/\/domainejacouton.fr\/wp-content\/uploads\/2020\/04\/JACOUTON-Bouteille-2.png\",\"contentUrl\":\"https:\/\/domainejacouton.fr\/wp-content\/uploads\/2020\/04\/JACOUTON-Bouteille-2.png\",\"width\":521,\"height\":1500,\"caption\":\"domaine jacouton a deux pas syrah\"},{\"@type\":\"BreadcrumbList\",\"@id\":\"https:\/\/domainejacouton.fr\/boutique\/produit\/a-deux-pas\/#breadcrumb\",\"itemListElement\":[{\"@type\":\"ListItem\",\"position\":1,\"name\":\"Accueil\",\"item\":\"https:\/\/domainejacouton.fr\/\"},{\"@type\":\"ListItem\",\"position\":2,\"name\":\"Boutique\",\"item\":\"https:\/\/domainejacouton.fr\/boutique\/\"},{\"@type\":\"ListItem\",\"position\":3,\"name\":\"\u00c0 Deux Pas\"}]},{\"@type\":\"WebSite\",\"@id\":\"https:\/\/domainejacouton.fr\/#website\",\"url\":\"https:\/\/domainejacouton.fr\/\",\"name\":\"Domaine Jacouton\",\"description\":\"Artisan du Terroir\",\"potentialAction\":[{\"@type\":\"SearchAction\",\"target\":{\"@type\":\"EntryPoint\",\"urlTemplate\":\"https:\/\/domainejacouton.fr\/?s={search_term_string}\"},\"query-input\":{\"@type\":\"PropertyValueSpecification\",\"valueRequired\":true,\"valueName\":\"search_term_string\"}}],\"inLanguage\":\"en-GB\"}]}<\/script>\n<!-- \/ Yoast SEO plugin. -->","yoast_head_json":{"title":"\u00c0 Deux Pas - Domaine Jacouton","robots":{"index":"index","follow":"follow","max-snippet":"max-snippet:-1","max-image-preview":"max-image-preview:large","max-video-preview":"max-video-preview:-1"},"canonical":"https:\/\/domainejacouton.fr\/en\/boutique\/produit\/a-deux-pas\/","og_locale":"en_GB","og_type":"article","og_title":"\u00c0 Deux Pas - Domaine Jacouton","og_description":"C\u00c9PAGES   100% Syrah     D\u00c9GUSTATION   La robe gourmande d\u2019un beau rouge Rubis aux reflets violac\u00e9s, le nez caract\u00e9ristique d\u2019une Syrah m\u00fbre, sur les fruits noirs, le poivre. Une bouche, riche et gourmande, une syrah sur la finesse et les fruits rouge qui tiens toute ses promesses.     ACCORDS METS ET VIN   En ap\u00e9ritif entre amis avec de la cochonnaille et finir la bouteille autour d\u2019un barbecue ou d\u2019une simple omelette \u2026 Bref une Syrah conviviale","og_url":"https:\/\/domainejacouton.fr\/en\/boutique\/produit\/a-deux-pas\/","og_site_name":"Domaine Jacouton","article_modified_time":"2022-01-24T09:59:23+00:00","og_image":[{"width":521,"height":1500,"url":"https:\/\/domainejacouton.fr\/wp-content\/uploads\/2020\/04\/JACOUTON-Bouteille-2.png","type":"image\/png"}],"twitter_card":"summary_large_image","twitter_misc":{"Estimated reading time":"1 minute"},"schema":{"@context":"https:\/\/schema.org","@graph":[{"@type":"WebPage","@id":"https:\/\/domainejacouton.fr\/boutique\/produit\/a-deux-pas\/","url":"https:\/\/domainejacouton.fr\/boutique\/produit\/a-deux-pas\/","name":"\u00c0 Deux Pas - Domaine Jacouton","isPartOf":{"@id":"https:\/\/domainejacouton.fr\/#website"},"primaryImageOfPage":{"@id":"https:\/\/domainejacouton.fr\/boutique\/produit\/a-deux-pas\/#primaryimage"},"image":{"@id":"https:\/\/domainejacouton.fr\/boutique\/produit\/a-deux-pas\/#primaryimage"},"thumbnailUrl":"https:\/\/domainejacouton.fr\/wp-content\/uploads\/2020\/04\/JACOUTON-Bouteille-2.png","datePublished":"2020-11-25T15:53:53+00:00","dateModified":"2022-01-24T09:59:23+00:00","breadcrumb":{"@id":"https:\/\/domainejacouton.fr\/boutique\/produit\/a-deux-pas\/#breadcrumb"},"inLanguage":"en-GB","potentialAction":[{"@type":"ReadAction","target":["https:\/\/domainejacouton.fr\/boutique\/produit\/a-deux-pas\/"]}]},{"@type":"ImageObject","inLanguage":"en-GB","@id":"https:\/\/domainejacouton.fr\/boutique\/produit\/a-deux-pas\/#primaryimage","url":"https:\/\/domainejacouton.fr\/wp-content\/uploads\/2020\/04\/JACOUTON-Bouteille-2.png","contentUrl":"https:\/\/domainejacouton.fr\/wp-content\/uploads\/2020\/04\/JACOUTON-Bouteille-2.png","width":521,"height":1500,"caption":"domaine jacouton a deux pas syrah"},{"@type":"BreadcrumbList","@id":"https:\/\/domainejacouton.fr\/boutique\/produit\/a-deux-pas\/#breadcrumb","itemListElement":[{"@type":"ListItem","position":1,"name":"Accueil","item":"https:\/\/domainejacouton.fr\/"},{"@type":"ListItem","position":2,"name":"Boutique","item":"https:\/\/domainejacouton.fr\/boutique\/"},{"@type":"ListItem","position":3,"name":"\u00c0 Deux Pas"}]},{"@type":"WebSite","@id":"https:\/\/domainejacouton.fr\/#website","url":"https:\/\/domainejacouton.fr\/","name":"Domaine Jacouton","description":"Artisan du Terroir","potentialAction":[{"@type":"SearchAction","target":{"@type":"EntryPoint","urlTemplate":"https:\/\/domainejacouton.fr\/?s={search_term_string}"},"query-input":{"@type":"PropertyValueSpecification","valueRequired":true,"valueName":"search_term_string"}}],"inLanguage":"en-GB"}]}},"_links":{"self":[{"href":"https:\/\/domainejacouton.fr\/en\/wp-json\/wp\/v2\/product\/1826","targetHints":{"allow":["GET"]}}],"collection":[{"href":"https:\/\/domainejacouton.fr\/en\/wp-json\/wp\/v2\/product"}],"about":[{"href":"https:\/\/domainejacouton.fr\/en\/wp-json\/wp\/v2\/types\/product"}],"replies":[{"embeddable":true,"href":"https:\/\/domainejacouton.fr\/en\/wp-json\/wp\/v2\/comments?post=1826"}],"wp:featuredmedia":[{"embeddable":true,"href":"https:\/\/domainejacouton.fr\/en\/wp-json\/wp\/v2\/media\/1629"}],"wp:attachment":[{"href":"https:\/\/domainejacouton.fr\/en\/wp-json\/wp\/v2\/media?parent=1826"}],"wp:term":[{"taxonomy":"product_brand","embeddable":true,"href":"https:\/\/domainejacouton.fr\/en\/wp-json\/wp\/v2\/product_brand?post=1826"},{"taxonomy":"product_cat","embeddable":true,"href":"https:\/\/domainejacouton.fr\/en\/wp-json\/wp\/v2\/product_cat?post=1826"},{"taxonomy":"product_tag","embeddable":true,"href":"https:\/\/domainejacouton.fr\/en\/wp-json\/wp\/v2\/product_tag?post=1826"}],"curies":[{"name":"wp","href":"https:\/\/api.w.org\/{rel}","templated":true}]}}