{"id":1825,"date":"2020-11-25T15:49:27","date_gmt":"2020-11-25T15:49:27","guid":{"rendered":"https:\/\/domainejacouton.fr\/?post_type=product&#038;p=1825"},"modified":"2026-04-24T17:48:14","modified_gmt":"2026-04-24T17:48:14","slug":"crozes-hermitage","status":"publish","type":"product","link":"https:\/\/domainejacouton.fr\/en\/boutique\/produit\/crozes-hermitage\/","title":{"rendered":"Crozes Hermitage"},"content":{"rendered":"<p>J\u2019ai souhait\u00e9 \u00e9largir ma gamme et sortir du granit en traversant le Rh\u00f4ne pour une appellation plus solaire sur du galets roul\u00e9s.<\/p>\n<p>C\u00e9page : 100 % Syrah<br \/>\nTerroir : Galets roul\u00e9s, sol profond avec de l\u2019argile.<br \/>\nLes Vignes : d\u2019une quinzaine d\u2019ann\u00e9e sur la colline de Chanos-Curson<br \/>\nMode de culture : Raisonn\u00e9<br \/>\nVendanges : Manuelles<br \/>\nRendement : 45hl\/ha<\/p>\n<p>Vinification &amp; \u00c9levage en Cave par Jean-Fran\u00e7ois Jacouton.<\/p>\n<p>\u00c9grappage \u00e0 100 % puis cuvaison de 16 \u00e0 18 jours avec pigeage et remontage journaliers<br \/>\n\u00c9levage, 50 % en f\u00fbt de ch\u00eane demi muid de 600 litres (entre 5 et 10 vins) et 50 % en cuve inox \u2013 pendant 10 mois.<br \/>\nMise en bouteille apr\u00e8s filtration tangentielle<\/p>\n<p><strong>D\u00e9gustation<\/strong><br \/>\nLa robe d\u2019une grande densit\u00e9 et d\u2019une couleur cerise noire, le nez caract\u00e9ristique d\u2019une Syrah m\u00fbre, sur des fruits noirs. En bouche, le vin est charnu et offre des notes de jolis fruits murs, structur\u00e9s il laisse une bonne longueur avec des notes l\u00e9g\u00e8res d\u2019\u00e9pices.<\/p>\n<p><strong>Mon conseil Accords mets et vin<\/strong><br \/>\nEnjoy it with friends around a barbecue, with a charcuterie board and camembert cheese.<\/p>","protected":false},"excerpt":{"rendered":"<div class=\"gg-infobox\">\n<div class=\"gg-infobox\">\n<div class=\"gg-infobox\">\n<div class=\"gg-infobox\">\n<div class=\"description\">\n<div class=\"gg-infobox\">\n<h4>C\u00c9PAGES<\/h4>\n<div class=\"description\">\n<p>100% Syrah<\/p>\n<\/div>\n<\/div>\n<div class=\"gg-infobox\">\n<h4>Tasting<\/h4>\n<div class=\"description\">\n<p>It has a very dense, black cherry color and a characteristic nose of a ripe Syrah, on black fruits. The wine is fleshy, with notes of nice ripe fruits. Structured, it leaves slightly spiced notes on the palate.<br \/>\nl\u00e9g\u00e8res d\u2019\u00e9pices.<\/p>\n<\/div>\n<\/div>\n<div class=\"gg-infobox\">\n<h4>ACCORDS METS ET VIN<\/h4>\n<div class=\"description\">\n<p>Enjoy it with friends around a barbecue, with a charcuterie board and camembert cheese.<\/p>\n<\/div>\n<\/div>\n<\/div>\n<\/div>\n<\/div>\n<\/div>\n<\/div>","protected":false},"featured_media":1631,"comment_status":"open","ping_status":"closed","template":"","meta":{"_acf_changed":false,"_vp_format_video_url":"","_vp_image_focal_point":[]},"product_brand":[],"product_cat":[29],"product_tag":[],"class_list":{"0":"post-1825","1":"product","2":"type-product","3":"status-publish","4":"has-post-thumbnail","6":"product_cat-vin","8":"first","9":"instock","10":"taxable","11":"shipping-taxable","12":"purchasable","13":"product-type-variable"},"acf":[],"yoast_head":"<!-- This site is optimized with the Yoast SEO plugin v24.6 - https:\/\/yoast.com\/wordpress\/plugins\/seo\/ -->\n<title>Crozes Hermitage - Domaine Jacouton<\/title>\n<meta name=\"robots\" content=\"index, follow, max-snippet:-1, max-image-preview:large, max-video-preview:-1\" \/>\n<link rel=\"canonical\" href=\"https:\/\/domainejacouton.fr\/en\/boutique\/produit\/crozes-hermitage\/\" \/>\n<meta property=\"og:locale\" content=\"en_GB\" \/>\n<meta property=\"og:type\" content=\"article\" \/>\n<meta property=\"og:title\" content=\"Crozes Hermitage - Domaine Jacouton\" \/>\n<meta property=\"og:description\" content=\"C\u00c9PAGES   100% Syrah     D\u00c9GUSTATION   La robe d\u2019une grande densit\u00e9 et d\u2019une couleur cerise noire, le nez caract\u00e9ristique d\u2019une Syrah m\u00fbre, sur des fruits noirs. En bouche, le vin est charnu et offre des notes de jolis fruits murs, structur\u00e9s il laisse une bonne longueur avec des notes l\u00e9g\u00e8res d\u2019\u00e9pices.     ACCORDS METS ET VIN   Id\u00e9al avec des amis autour d\u2019un barbecue, des planches de charcuteries et un bon camembert.\" \/>\n<meta property=\"og:url\" content=\"https:\/\/domainejacouton.fr\/en\/boutique\/produit\/crozes-hermitage\/\" \/>\n<meta property=\"og:site_name\" content=\"Domaine Jacouton\" \/>\n<meta property=\"article:modified_time\" content=\"2026-04-24T17:48:14+00:00\" \/>\n<meta property=\"og:image\" content=\"https:\/\/domainejacouton.fr\/wp-content\/uploads\/2020\/04\/JACOUTON-Bouteille-4.png\" \/>\n\t<meta property=\"og:image:width\" content=\"527\" \/>\n\t<meta property=\"og:image:height\" content=\"1500\" \/>\n\t<meta property=\"og:image:type\" content=\"image\/png\" \/>\n<meta name=\"twitter:card\" content=\"summary_large_image\" \/>\n<meta name=\"twitter:label1\" content=\"Estimated reading time\" \/>\n\t<meta name=\"twitter:data1\" content=\"1 minute\" \/>\n<script type=\"application\/ld+json\" class=\"yoast-schema-graph\">{\"@context\":\"https:\/\/schema.org\",\"@graph\":[{\"@type\":\"WebPage\",\"@id\":\"https:\/\/domainejacouton.fr\/boutique\/produit\/crozes-hermitage\/\",\"url\":\"https:\/\/domainejacouton.fr\/boutique\/produit\/crozes-hermitage\/\",\"name\":\"Crozes Hermitage - Domaine Jacouton\",\"isPartOf\":{\"@id\":\"https:\/\/domainejacouton.fr\/#website\"},\"primaryImageOfPage\":{\"@id\":\"https:\/\/domainejacouton.fr\/boutique\/produit\/crozes-hermitage\/#primaryimage\"},\"image\":{\"@id\":\"https:\/\/domainejacouton.fr\/boutique\/produit\/crozes-hermitage\/#primaryimage\"},\"thumbnailUrl\":\"https:\/\/domainejacouton.fr\/wp-content\/uploads\/2020\/04\/JACOUTON-Bouteille-4.png\",\"datePublished\":\"2020-11-25T15:49:27+00:00\",\"dateModified\":\"2026-04-24T17:48:14+00:00\",\"breadcrumb\":{\"@id\":\"https:\/\/domainejacouton.fr\/boutique\/produit\/crozes-hermitage\/#breadcrumb\"},\"inLanguage\":\"en-GB\",\"potentialAction\":[{\"@type\":\"ReadAction\",\"target\":[\"https:\/\/domainejacouton.fr\/boutique\/produit\/crozes-hermitage\/\"]}]},{\"@type\":\"ImageObject\",\"inLanguage\":\"en-GB\",\"@id\":\"https:\/\/domainejacouton.fr\/boutique\/produit\/crozes-hermitage\/#primaryimage\",\"url\":\"https:\/\/domainejacouton.fr\/wp-content\/uploads\/2020\/04\/JACOUTON-Bouteille-4.png\",\"contentUrl\":\"https:\/\/domainejacouton.fr\/wp-content\/uploads\/2020\/04\/JACOUTON-Bouteille-4.png\",\"width\":527,\"height\":1500,\"caption\":\"domaine jacouton crozes hermitage\"},{\"@type\":\"BreadcrumbList\",\"@id\":\"https:\/\/domainejacouton.fr\/boutique\/produit\/crozes-hermitage\/#breadcrumb\",\"itemListElement\":[{\"@type\":\"ListItem\",\"position\":1,\"name\":\"Accueil\",\"item\":\"https:\/\/domainejacouton.fr\/\"},{\"@type\":\"ListItem\",\"position\":2,\"name\":\"Boutique\",\"item\":\"https:\/\/domainejacouton.fr\/boutique\/\"},{\"@type\":\"ListItem\",\"position\":3,\"name\":\"Crozes Hermitage\"}]},{\"@type\":\"WebSite\",\"@id\":\"https:\/\/domainejacouton.fr\/#website\",\"url\":\"https:\/\/domainejacouton.fr\/\",\"name\":\"Domaine Jacouton\",\"description\":\"Artisan du Terroir\",\"potentialAction\":[{\"@type\":\"SearchAction\",\"target\":{\"@type\":\"EntryPoint\",\"urlTemplate\":\"https:\/\/domainejacouton.fr\/?s={search_term_string}\"},\"query-input\":{\"@type\":\"PropertyValueSpecification\",\"valueRequired\":true,\"valueName\":\"search_term_string\"}}],\"inLanguage\":\"en-GB\"}]}<\/script>\n<!-- \/ Yoast SEO plugin. -->","yoast_head_json":{"title":"Crozes Hermitage - Domaine Jacouton","robots":{"index":"index","follow":"follow","max-snippet":"max-snippet:-1","max-image-preview":"max-image-preview:large","max-video-preview":"max-video-preview:-1"},"canonical":"https:\/\/domainejacouton.fr\/en\/boutique\/produit\/crozes-hermitage\/","og_locale":"en_GB","og_type":"article","og_title":"Crozes Hermitage - Domaine Jacouton","og_description":"C\u00c9PAGES   100% Syrah     D\u00c9GUSTATION   La robe d\u2019une grande densit\u00e9 et d\u2019une couleur cerise noire, le nez caract\u00e9ristique d\u2019une Syrah m\u00fbre, sur des fruits noirs. En bouche, le vin est charnu et offre des notes de jolis fruits murs, structur\u00e9s il laisse une bonne longueur avec des notes l\u00e9g\u00e8res d\u2019\u00e9pices.     ACCORDS METS ET VIN   Id\u00e9al avec des amis autour d\u2019un barbecue, des planches de charcuteries et un bon camembert.","og_url":"https:\/\/domainejacouton.fr\/en\/boutique\/produit\/crozes-hermitage\/","og_site_name":"Domaine Jacouton","article_modified_time":"2026-04-24T17:48:14+00:00","og_image":[{"width":527,"height":1500,"url":"https:\/\/domainejacouton.fr\/wp-content\/uploads\/2020\/04\/JACOUTON-Bouteille-4.png","type":"image\/png"}],"twitter_card":"summary_large_image","twitter_misc":{"Estimated reading time":"1 minute"},"schema":{"@context":"https:\/\/schema.org","@graph":[{"@type":"WebPage","@id":"https:\/\/domainejacouton.fr\/boutique\/produit\/crozes-hermitage\/","url":"https:\/\/domainejacouton.fr\/boutique\/produit\/crozes-hermitage\/","name":"Crozes Hermitage - Domaine Jacouton","isPartOf":{"@id":"https:\/\/domainejacouton.fr\/#website"},"primaryImageOfPage":{"@id":"https:\/\/domainejacouton.fr\/boutique\/produit\/crozes-hermitage\/#primaryimage"},"image":{"@id":"https:\/\/domainejacouton.fr\/boutique\/produit\/crozes-hermitage\/#primaryimage"},"thumbnailUrl":"https:\/\/domainejacouton.fr\/wp-content\/uploads\/2020\/04\/JACOUTON-Bouteille-4.png","datePublished":"2020-11-25T15:49:27+00:00","dateModified":"2026-04-24T17:48:14+00:00","breadcrumb":{"@id":"https:\/\/domainejacouton.fr\/boutique\/produit\/crozes-hermitage\/#breadcrumb"},"inLanguage":"en-GB","potentialAction":[{"@type":"ReadAction","target":["https:\/\/domainejacouton.fr\/boutique\/produit\/crozes-hermitage\/"]}]},{"@type":"ImageObject","inLanguage":"en-GB","@id":"https:\/\/domainejacouton.fr\/boutique\/produit\/crozes-hermitage\/#primaryimage","url":"https:\/\/domainejacouton.fr\/wp-content\/uploads\/2020\/04\/JACOUTON-Bouteille-4.png","contentUrl":"https:\/\/domainejacouton.fr\/wp-content\/uploads\/2020\/04\/JACOUTON-Bouteille-4.png","width":527,"height":1500,"caption":"domaine jacouton crozes hermitage"},{"@type":"BreadcrumbList","@id":"https:\/\/domainejacouton.fr\/boutique\/produit\/crozes-hermitage\/#breadcrumb","itemListElement":[{"@type":"ListItem","position":1,"name":"Accueil","item":"https:\/\/domainejacouton.fr\/"},{"@type":"ListItem","position":2,"name":"Boutique","item":"https:\/\/domainejacouton.fr\/boutique\/"},{"@type":"ListItem","position":3,"name":"Crozes Hermitage"}]},{"@type":"WebSite","@id":"https:\/\/domainejacouton.fr\/#website","url":"https:\/\/domainejacouton.fr\/","name":"Domaine Jacouton","description":"Artisan du Terroir","potentialAction":[{"@type":"SearchAction","target":{"@type":"EntryPoint","urlTemplate":"https:\/\/domainejacouton.fr\/?s={search_term_string}"},"query-input":{"@type":"PropertyValueSpecification","valueRequired":true,"valueName":"search_term_string"}}],"inLanguage":"en-GB"}]}},"_links":{"self":[{"href":"https:\/\/domainejacouton.fr\/en\/wp-json\/wp\/v2\/product\/1825","targetHints":{"allow":["GET"]}}],"collection":[{"href":"https:\/\/domainejacouton.fr\/en\/wp-json\/wp\/v2\/product"}],"about":[{"href":"https:\/\/domainejacouton.fr\/en\/wp-json\/wp\/v2\/types\/product"}],"replies":[{"embeddable":true,"href":"https:\/\/domainejacouton.fr\/en\/wp-json\/wp\/v2\/comments?post=1825"}],"wp:featuredmedia":[{"embeddable":true,"href":"https:\/\/domainejacouton.fr\/en\/wp-json\/wp\/v2\/media\/1631"}],"wp:attachment":[{"href":"https:\/\/domainejacouton.fr\/en\/wp-json\/wp\/v2\/media?parent=1825"}],"wp:term":[{"taxonomy":"product_brand","embeddable":true,"href":"https:\/\/domainejacouton.fr\/en\/wp-json\/wp\/v2\/product_brand?post=1825"},{"taxonomy":"product_cat","embeddable":true,"href":"https:\/\/domainejacouton.fr\/en\/wp-json\/wp\/v2\/product_cat?post=1825"},{"taxonomy":"product_tag","embeddable":true,"href":"https:\/\/domainejacouton.fr\/en\/wp-json\/wp\/v2\/product_tag?post=1825"}],"curies":[{"name":"wp","href":"https:\/\/api.w.org\/{rel}","templated":true}]}}