{"id":1823,"date":"2020-11-25T15:43:04","date_gmt":"2020-11-25T15:43:04","guid":{"rendered":"https:\/\/domainejacouton.fr\/?post_type=product&#038;p=1823"},"modified":"2024-09-23T12:33:28","modified_gmt":"2024-09-23T12:33:28","slug":"sortilege","status":"publish","type":"product","link":"https:\/\/domainejacouton.fr\/en\/boutique\/produit\/sortilege\/","title":{"rendered":"Sortil\u00e8ge"},"content":{"rendered":"<p>J\u2019ai choisi de faire de cette cuv\u00e9e un vin gourmand, sur le fruit, agr\u00e9able et facile \u00e0 d\u00e9guster pour tout public y compris celui qui ne connais pas l\u2019appellation St Joseph rouge.<\/p>\n<p>C\u00e9page : 100 % Syrah<br \/>\nSyrah Terroir : Granitique<br \/>\nLes Vignes : d\u2019une quinzaine d\u2019ann\u00e9es en coteaux m\u00e9canis\u00e9s<br \/>\nMode de culture : Raisonn\u00e9<br \/>\nVendanges : Manuelles<br \/>\nRendement : Celui de l\u2019appellation 40hl\/ha<\/p>\n<p>Vinification &amp; \u00c9levage en Cave par Jean-Fran\u00e7ois Jacouton.<\/p>\n<p>\u00c9grappage \u00e0 100 % &#8211; Cuvaison de 16 \u00e0 18 jours avec pigeage et remontage journaliers<br \/>\n\u00c9levage, 50 % en f\u00fbt de ch\u00eane (entre 3 et 6 vins) et 50 % en cuve inox \u2013 pendant 10 mois<br \/>\nMise en bouteille apr\u00e8s filtration tangentielle<\/p>\n<p><strong>D\u00e9gustation<\/strong><br \/>\nThe robe is a beautiful ruby red with purplish reflections. The nose, very pleasant, is characteristic of a ripe Syrah, on black fruits, pepper and a touch of violet. Palate has a velvety texture, with wine offering notes of fresh fruits. Good length with a slight spicy taste.<\/p>\n<p><strong>Mon conseil Accords mets et vin<\/strong><br \/>\nCarr\u00e9 d\u2019agneau r\u00f4ti, C\u00f4te de boeuf au barbecue, Onglet de veau aux \u00e9chalotes confites \u2026<\/p>","protected":false},"excerpt":{"rendered":"<div class=\"gg-infobox\">\n<div class=\"gg-infobox\">\n<div class=\"gg-infobox\">\n<h4>C\u00c9PAGES<\/h4>\n<div class=\"description\">\n<p>100% Syrah<\/p>\n<\/div>\n<\/div>\n<div class=\"gg-infobox\">\n<h4>Tasting<\/h4>\n<div class=\"description\">\n<p>The robe is a beautiful ruby red with purplish reflections. The nose, very pleasant, is characteristic of a ripe Syrah, on black fruits, pepper and a touch of violet. Palate has a velvety texture, with wine offering notes of fresh fruits. Good length with a slight spicy taste.<\/p>\n<\/div>\n<\/div>\n<div class=\"gg-infobox\">\n<h4>ACCORDS METS ET VIN<\/h4>\n<div class=\"description\">\n<p>Carr\u00e9 d\u2019agneau r\u00f4ti, C\u00f4te de b\u0153uf au barbecue, Onglet de veau aux \u00e9chalotes confites \u2026<\/p>\n<\/div>\n<\/div>\n<\/div>\n<\/div>","protected":false},"featured_media":1633,"comment_status":"open","ping_status":"closed","template":"","meta":{"_acf_changed":false,"_vp_format_video_url":"","_vp_image_focal_point":[]},"product_brand":[],"product_cat":[29],"product_tag":[],"class_list":{"0":"post-1823","1":"product","2":"type-product","3":"status-publish","4":"has-post-thumbnail","6":"product_cat-vin","8":"first","9":"instock","10":"taxable","11":"shipping-taxable","12":"purchasable","13":"product-type-variable"},"acf":[],"yoast_head":"<!-- This site is optimized with the Yoast SEO plugin v24.6 - https:\/\/yoast.com\/wordpress\/plugins\/seo\/ -->\n<title>Sortil\u00e8ge - Domaine Jacouton<\/title>\n<meta name=\"robots\" content=\"index, follow, max-snippet:-1, max-image-preview:large, max-video-preview:-1\" \/>\n<link rel=\"canonical\" href=\"https:\/\/domainejacouton.fr\/en\/boutique\/produit\/sortilege\/\" \/>\n<meta property=\"og:locale\" content=\"en_GB\" \/>\n<meta property=\"og:type\" content=\"article\" \/>\n<meta property=\"og:title\" content=\"Sortil\u00e8ge - Domaine Jacouton\" \/>\n<meta property=\"og:description\" content=\"C\u00c9PAGES   100% Syrah     D\u00c9GUSTATION   La robe est d\u2019un beau rouge Rubis aux reflets violac\u00e9s, le nez caract\u00e9ristique d\u2019une Syrah m\u00fbre, sur les fruits noirs, le poivre et une touche de violette, est tr\u00e8s agr\u00e9able. En bouche, le vin offre des notes de jolis fruits frais avec une texture de velours. Une bonne longueur avec des notes l\u00e9g\u00e8res d\u2019\u00e9pices.     ACCORDS METS ET VIN   Carr\u00e9 d\u2019agneau r\u00f4ti, C\u00f4te de b\u0153uf au barbecue, Onglet de veau aux \u00e9chalotes confites \u2026\" \/>\n<meta property=\"og:url\" content=\"https:\/\/domainejacouton.fr\/en\/boutique\/produit\/sortilege\/\" \/>\n<meta property=\"og:site_name\" content=\"Domaine Jacouton\" \/>\n<meta property=\"article:modified_time\" content=\"2024-09-23T12:33:28+00:00\" \/>\n<meta property=\"og:image\" content=\"https:\/\/domainejacouton.fr\/wp-content\/uploads\/2020\/04\/JACOUTON-Bouteille-6.png\" \/>\n\t<meta property=\"og:image:width\" content=\"549\" \/>\n\t<meta property=\"og:image:height\" content=\"1500\" \/>\n\t<meta property=\"og:image:type\" content=\"image\/png\" \/>\n<meta name=\"twitter:card\" content=\"summary_large_image\" \/>\n<meta name=\"twitter:label1\" content=\"Estimated reading time\" \/>\n\t<meta name=\"twitter:data1\" content=\"1 minute\" \/>\n<script type=\"application\/ld+json\" class=\"yoast-schema-graph\">{\"@context\":\"https:\/\/schema.org\",\"@graph\":[{\"@type\":\"WebPage\",\"@id\":\"https:\/\/domainejacouton.fr\/boutique\/produit\/sortilege\/\",\"url\":\"https:\/\/domainejacouton.fr\/boutique\/produit\/sortilege\/\",\"name\":\"Sortil\u00e8ge - Domaine Jacouton\",\"isPartOf\":{\"@id\":\"https:\/\/domainejacouton.fr\/#website\"},\"primaryImageOfPage\":{\"@id\":\"https:\/\/domainejacouton.fr\/boutique\/produit\/sortilege\/#primaryimage\"},\"image\":{\"@id\":\"https:\/\/domainejacouton.fr\/boutique\/produit\/sortilege\/#primaryimage\"},\"thumbnailUrl\":\"https:\/\/domainejacouton.fr\/wp-content\/uploads\/2020\/04\/JACOUTON-Bouteille-6.png\",\"datePublished\":\"2020-11-25T15:43:04+00:00\",\"dateModified\":\"2024-09-23T12:33:28+00:00\",\"breadcrumb\":{\"@id\":\"https:\/\/domainejacouton.fr\/boutique\/produit\/sortilege\/#breadcrumb\"},\"inLanguage\":\"en-GB\",\"potentialAction\":[{\"@type\":\"ReadAction\",\"target\":[\"https:\/\/domainejacouton.fr\/boutique\/produit\/sortilege\/\"]}]},{\"@type\":\"ImageObject\",\"inLanguage\":\"en-GB\",\"@id\":\"https:\/\/domainejacouton.fr\/boutique\/produit\/sortilege\/#primaryimage\",\"url\":\"https:\/\/domainejacouton.fr\/wp-content\/uploads\/2020\/04\/JACOUTON-Bouteille-6.png\",\"contentUrl\":\"https:\/\/domainejacouton.fr\/wp-content\/uploads\/2020\/04\/JACOUTON-Bouteille-6.png\",\"width\":549,\"height\":1500,\"caption\":\"domaine jacouton sortil\u00e8ge\"},{\"@type\":\"BreadcrumbList\",\"@id\":\"https:\/\/domainejacouton.fr\/boutique\/produit\/sortilege\/#breadcrumb\",\"itemListElement\":[{\"@type\":\"ListItem\",\"position\":1,\"name\":\"Accueil\",\"item\":\"https:\/\/domainejacouton.fr\/\"},{\"@type\":\"ListItem\",\"position\":2,\"name\":\"Boutique\",\"item\":\"https:\/\/domainejacouton.fr\/boutique\/\"},{\"@type\":\"ListItem\",\"position\":3,\"name\":\"Sortil\u00e8ge\"}]},{\"@type\":\"WebSite\",\"@id\":\"https:\/\/domainejacouton.fr\/#website\",\"url\":\"https:\/\/domainejacouton.fr\/\",\"name\":\"Domaine Jacouton\",\"description\":\"Artisan du Terroir\",\"potentialAction\":[{\"@type\":\"SearchAction\",\"target\":{\"@type\":\"EntryPoint\",\"urlTemplate\":\"https:\/\/domainejacouton.fr\/?s={search_term_string}\"},\"query-input\":{\"@type\":\"PropertyValueSpecification\",\"valueRequired\":true,\"valueName\":\"search_term_string\"}}],\"inLanguage\":\"en-GB\"}]}<\/script>\n<!-- \/ Yoast SEO plugin. -->","yoast_head_json":{"title":"Sortil\u00e8ge - Domaine Jacouton","robots":{"index":"index","follow":"follow","max-snippet":"max-snippet:-1","max-image-preview":"max-image-preview:large","max-video-preview":"max-video-preview:-1"},"canonical":"https:\/\/domainejacouton.fr\/en\/boutique\/produit\/sortilege\/","og_locale":"en_GB","og_type":"article","og_title":"Sortil\u00e8ge - Domaine Jacouton","og_description":"C\u00c9PAGES   100% Syrah     D\u00c9GUSTATION   La robe est d\u2019un beau rouge Rubis aux reflets violac\u00e9s, le nez caract\u00e9ristique d\u2019une Syrah m\u00fbre, sur les fruits noirs, le poivre et une touche de violette, est tr\u00e8s agr\u00e9able. En bouche, le vin offre des notes de jolis fruits frais avec une texture de velours. Une bonne longueur avec des notes l\u00e9g\u00e8res d\u2019\u00e9pices.     ACCORDS METS ET VIN   Carr\u00e9 d\u2019agneau r\u00f4ti, C\u00f4te de b\u0153uf au barbecue, Onglet de veau aux \u00e9chalotes confites \u2026","og_url":"https:\/\/domainejacouton.fr\/en\/boutique\/produit\/sortilege\/","og_site_name":"Domaine Jacouton","article_modified_time":"2024-09-23T12:33:28+00:00","og_image":[{"width":549,"height":1500,"url":"https:\/\/domainejacouton.fr\/wp-content\/uploads\/2020\/04\/JACOUTON-Bouteille-6.png","type":"image\/png"}],"twitter_card":"summary_large_image","twitter_misc":{"Estimated reading time":"1 minute"},"schema":{"@context":"https:\/\/schema.org","@graph":[{"@type":"WebPage","@id":"https:\/\/domainejacouton.fr\/boutique\/produit\/sortilege\/","url":"https:\/\/domainejacouton.fr\/boutique\/produit\/sortilege\/","name":"Sortil\u00e8ge - Domaine Jacouton","isPartOf":{"@id":"https:\/\/domainejacouton.fr\/#website"},"primaryImageOfPage":{"@id":"https:\/\/domainejacouton.fr\/boutique\/produit\/sortilege\/#primaryimage"},"image":{"@id":"https:\/\/domainejacouton.fr\/boutique\/produit\/sortilege\/#primaryimage"},"thumbnailUrl":"https:\/\/domainejacouton.fr\/wp-content\/uploads\/2020\/04\/JACOUTON-Bouteille-6.png","datePublished":"2020-11-25T15:43:04+00:00","dateModified":"2024-09-23T12:33:28+00:00","breadcrumb":{"@id":"https:\/\/domainejacouton.fr\/boutique\/produit\/sortilege\/#breadcrumb"},"inLanguage":"en-GB","potentialAction":[{"@type":"ReadAction","target":["https:\/\/domainejacouton.fr\/boutique\/produit\/sortilege\/"]}]},{"@type":"ImageObject","inLanguage":"en-GB","@id":"https:\/\/domainejacouton.fr\/boutique\/produit\/sortilege\/#primaryimage","url":"https:\/\/domainejacouton.fr\/wp-content\/uploads\/2020\/04\/JACOUTON-Bouteille-6.png","contentUrl":"https:\/\/domainejacouton.fr\/wp-content\/uploads\/2020\/04\/JACOUTON-Bouteille-6.png","width":549,"height":1500,"caption":"domaine jacouton sortil\u00e8ge"},{"@type":"BreadcrumbList","@id":"https:\/\/domainejacouton.fr\/boutique\/produit\/sortilege\/#breadcrumb","itemListElement":[{"@type":"ListItem","position":1,"name":"Accueil","item":"https:\/\/domainejacouton.fr\/"},{"@type":"ListItem","position":2,"name":"Boutique","item":"https:\/\/domainejacouton.fr\/boutique\/"},{"@type":"ListItem","position":3,"name":"Sortil\u00e8ge"}]},{"@type":"WebSite","@id":"https:\/\/domainejacouton.fr\/#website","url":"https:\/\/domainejacouton.fr\/","name":"Domaine Jacouton","description":"Artisan du Terroir","potentialAction":[{"@type":"SearchAction","target":{"@type":"EntryPoint","urlTemplate":"https:\/\/domainejacouton.fr\/?s={search_term_string}"},"query-input":{"@type":"PropertyValueSpecification","valueRequired":true,"valueName":"search_term_string"}}],"inLanguage":"en-GB"}]}},"_links":{"self":[{"href":"https:\/\/domainejacouton.fr\/en\/wp-json\/wp\/v2\/product\/1823","targetHints":{"allow":["GET"]}}],"collection":[{"href":"https:\/\/domainejacouton.fr\/en\/wp-json\/wp\/v2\/product"}],"about":[{"href":"https:\/\/domainejacouton.fr\/en\/wp-json\/wp\/v2\/types\/product"}],"replies":[{"embeddable":true,"href":"https:\/\/domainejacouton.fr\/en\/wp-json\/wp\/v2\/comments?post=1823"}],"wp:featuredmedia":[{"embeddable":true,"href":"https:\/\/domainejacouton.fr\/en\/wp-json\/wp\/v2\/media\/1633"}],"wp:attachment":[{"href":"https:\/\/domainejacouton.fr\/en\/wp-json\/wp\/v2\/media?parent=1823"}],"wp:term":[{"taxonomy":"product_brand","embeddable":true,"href":"https:\/\/domainejacouton.fr\/en\/wp-json\/wp\/v2\/product_brand?post=1823"},{"taxonomy":"product_cat","embeddable":true,"href":"https:\/\/domainejacouton.fr\/en\/wp-json\/wp\/v2\/product_cat?post=1823"},{"taxonomy":"product_tag","embeddable":true,"href":"https:\/\/domainejacouton.fr\/en\/wp-json\/wp\/v2\/product_tag?post=1823"}],"curies":[{"name":"wp","href":"https:\/\/api.w.org\/{rel}","templated":true}]}}