{"id":1822,"date":"2020-11-25T15:40:08","date_gmt":"2020-11-25T15:40:08","guid":{"rendered":"https:\/\/domainejacouton.fr\/?post_type=product&#038;p=1822"},"modified":"2025-03-12T08:25:22","modified_gmt":"2025-03-12T08:25:22","slug":"pierre-iserand","status":"publish","type":"product","link":"https:\/\/domainejacouton.fr\/en\/boutique\/produit\/pierre-iserand\/","title":{"rendered":"Pierres d&rsquo;Iserand"},"content":{"rendered":"<p>St Joseph de caract\u00e8re issue d\u2019une s\u00e9lection parcellaires en coteaux de Vion. Un vin rac\u00e9, expressif mais qui garde de la finesse et de l\u2019\u00e9l\u00e9gance.<\/p>\n<p>C\u00e9page : 100 %<br \/>\nSyrah Terroir : Granitique<br \/>\nLes Vignes : d\u2019une vingtaine d\u2019ann\u00e9e en coteaux abrupts.<br \/>\nMode de culture : Raisonn\u00e9<br \/>\nVendanges : Manuelles<br \/>\nRendement : 37 hl\/ha<\/p>\n<p>Vinification &amp; \u00c9levage en Cave par Jean-Fran\u00e7ois Jacouton.<\/p>\n<p>\u00c9grappage \u00e0 80 % et cuvaison de 24 jours avec pigeage et remontage journaliers<br \/>\n\u00c9levage, 100 % en f\u00fbt de ch\u00eane (avec 25 % de barrique neuve) &#8211; pendant 15 mois<br \/>\nMise en bouteille apr\u00e8s filtration tangentielle<\/p>\n<p><strong>D\u00e9gustation<\/strong><br \/>\nLa robe est d\u2019un beau rouge profond aux reflets rouge Rubis, le nez expressif sur la garrigue et le thym, sans oublier les caract\u00e9ristiques d\u2019une Syrah m\u00fbre avec des notes de fruits frais. Une bouche \u00e9l\u00e9gante et fine, avec de la mati\u00e8re. De belle note de fruit m\u00fbr mais pas compot\u00e9s. Des notes \u00e9pic\u00e9s et toast\u00e9es subtiles tout en gardant une certaine fra\u00eecheur. Une longueur en bouche franche o\u00f9 ressort les fruits rouges de la syrah.<\/p>\n<p><strong>Mon conseil Accords mets et vin<\/strong><br \/>\nA roasted game, un \u00ab b\u0153uf bourguignon \u00bb (beef stewed in red wine), a stuffed pigeon, a characterful cheese from Auvergne or an old Beaufort cheese, a Black forest cream cake.<\/p>","protected":false},"excerpt":{"rendered":"<div class=\"gg-infobox\">\n<div class=\"gg-infobox\">\n<h4>C\u00c9PAGES<\/h4>\n<div class=\"description\">\n<p>100% Syrah<\/p>\n<\/div>\n<\/div>\n<div class=\"gg-infobox\">\n<h4>Tasting<\/h4>\n<div class=\"description\">\n<p>La robe est d\u2019un beau rouge profond aux reflets rouge Rubis, le nez expressif sur la garrigue et le thym, sans oublier les caract\u00e9ristiques d\u2019une Syrah m\u00fbre avec des notes de fruits frais. Une bouche \u00e9l\u00e9gante et fine, avec de la mati\u00e8re. De belle note de fruit m\u00fbr mais pas compot\u00e9s. Des notes \u00e9pic\u00e9s et toast\u00e9es subtiles tout en gardant une certaine fra\u00eecheur. Une longueur en bouche franche o\u00f9 ressort les fruits rouges de la syrah.<\/p>\n<\/div>\n<\/div>\n<div class=\"gg-infobox\">\n<h4>ACCORDS METS ET VIN<\/h4>\n<div class=\"description\">\n<p>A roasted game, un \u00ab b\u0153uf bourguignon \u00bb (beef stewed in red wine), a stuffed pigeon, a characterful cheese from Auvergne or an old Beaufort cheese, a Black forest cream cake.<\/p>\n<\/div>\n<\/div>\n<\/div>","protected":false},"featured_media":1635,"comment_status":"open","ping_status":"closed","template":"","meta":{"_acf_changed":false,"_vp_format_video_url":"","_vp_image_focal_point":[]},"product_brand":[],"product_cat":[29],"product_tag":[],"class_list":{"0":"post-1822","1":"product","2":"type-product","3":"status-publish","4":"has-post-thumbnail","6":"product_cat-vin","8":"first","9":"instock","10":"taxable","11":"shipping-taxable","12":"purchasable","13":"product-type-variable"},"acf":[],"yoast_head":"<!-- This site is optimized with the Yoast SEO plugin v24.6 - https:\/\/yoast.com\/wordpress\/plugins\/seo\/ -->\n<title>Pierres d&#039;Iserand - Domaine Jacouton<\/title>\n<meta name=\"robots\" content=\"index, follow, max-snippet:-1, max-image-preview:large, max-video-preview:-1\" \/>\n<link rel=\"canonical\" href=\"https:\/\/domainejacouton.fr\/en\/boutique\/produit\/pierre-iserand\/\" \/>\n<meta property=\"og:locale\" content=\"en_GB\" \/>\n<meta property=\"og:type\" content=\"article\" \/>\n<meta property=\"og:title\" content=\"Pierres d&#039;Iserand - Domaine Jacouton\" \/>\n<meta property=\"og:description\" content=\"C\u00c9PAGES   100% Syrah     D\u00c9GUSTATION   La robe est d\u2019un beau rouge profond aux reflets rouge Rubis, le nez expressif sur la garrigue et le thym, sans oublier les caract\u00e9ristiques d\u2019une Syrah m\u00fbre avec des notes de fruits frais. Une bouche \u00e9l\u00e9gante et fine, avec de la mati\u00e8re. De belles notes de fruits m\u00fbrs mais pas compot\u00e9s. Des notes \u00e9pic\u00e9s et toast\u00e9es subtiles tout en gardant une certaine fra\u00eecheur. Une longueur en bouche franche o\u00f9 ressort les fruits rouges de la syrah.     ACCORDS METS ET VIN   Un gibier r\u00f4ti, Boeuf bourguignon, Pigeon farci, un fromage de caract\u00e8re d\u2019Auvergne ou un vieux Beaufort, For\u00eat Noire ou Royal\" \/>\n<meta property=\"og:url\" content=\"https:\/\/domainejacouton.fr\/en\/boutique\/produit\/pierre-iserand\/\" \/>\n<meta property=\"og:site_name\" content=\"Domaine Jacouton\" \/>\n<meta property=\"article:modified_time\" content=\"2025-03-12T08:25:22+00:00\" \/>\n<meta property=\"og:image\" content=\"https:\/\/domainejacouton.fr\/wp-content\/uploads\/2020\/04\/JACOUTON-Bouteille-8.png\" \/>\n\t<meta property=\"og:image:width\" content=\"537\" \/>\n\t<meta property=\"og:image:height\" content=\"1500\" \/>\n\t<meta property=\"og:image:type\" content=\"image\/png\" \/>\n<meta name=\"twitter:card\" content=\"summary_large_image\" \/>\n<meta name=\"twitter:label1\" content=\"Estimated reading time\" \/>\n\t<meta name=\"twitter:data1\" content=\"1 minute\" \/>\n<script type=\"application\/ld+json\" class=\"yoast-schema-graph\">{\"@context\":\"https:\/\/schema.org\",\"@graph\":[{\"@type\":\"WebPage\",\"@id\":\"https:\/\/domainejacouton.fr\/boutique\/produit\/pierre-iserand\/\",\"url\":\"https:\/\/domainejacouton.fr\/boutique\/produit\/pierre-iserand\/\",\"name\":\"Pierres d'Iserand - Domaine Jacouton\",\"isPartOf\":{\"@id\":\"https:\/\/domainejacouton.fr\/#website\"},\"primaryImageOfPage\":{\"@id\":\"https:\/\/domainejacouton.fr\/boutique\/produit\/pierre-iserand\/#primaryimage\"},\"image\":{\"@id\":\"https:\/\/domainejacouton.fr\/boutique\/produit\/pierre-iserand\/#primaryimage\"},\"thumbnailUrl\":\"https:\/\/domainejacouton.fr\/wp-content\/uploads\/2020\/04\/JACOUTON-Bouteille-8.png\",\"datePublished\":\"2020-11-25T15:40:08+00:00\",\"dateModified\":\"2025-03-12T08:25:22+00:00\",\"breadcrumb\":{\"@id\":\"https:\/\/domainejacouton.fr\/boutique\/produit\/pierre-iserand\/#breadcrumb\"},\"inLanguage\":\"en-GB\",\"potentialAction\":[{\"@type\":\"ReadAction\",\"target\":[\"https:\/\/domainejacouton.fr\/boutique\/produit\/pierre-iserand\/\"]}]},{\"@type\":\"ImageObject\",\"inLanguage\":\"en-GB\",\"@id\":\"https:\/\/domainejacouton.fr\/boutique\/produit\/pierre-iserand\/#primaryimage\",\"url\":\"https:\/\/domainejacouton.fr\/wp-content\/uploads\/2020\/04\/JACOUTON-Bouteille-8.png\",\"contentUrl\":\"https:\/\/domainejacouton.fr\/wp-content\/uploads\/2020\/04\/JACOUTON-Bouteille-8.png\",\"width\":537,\"height\":1500,\"caption\":\"domaine jacouton pierres d'iserand saint joseph\"},{\"@type\":\"BreadcrumbList\",\"@id\":\"https:\/\/domainejacouton.fr\/boutique\/produit\/pierre-iserand\/#breadcrumb\",\"itemListElement\":[{\"@type\":\"ListItem\",\"position\":1,\"name\":\"Accueil\",\"item\":\"https:\/\/domainejacouton.fr\/\"},{\"@type\":\"ListItem\",\"position\":2,\"name\":\"Boutique\",\"item\":\"https:\/\/domainejacouton.fr\/boutique\/\"},{\"@type\":\"ListItem\",\"position\":3,\"name\":\"Pierres d&rsquo;Iserand\"}]},{\"@type\":\"WebSite\",\"@id\":\"https:\/\/domainejacouton.fr\/#website\",\"url\":\"https:\/\/domainejacouton.fr\/\",\"name\":\"Domaine Jacouton\",\"description\":\"Artisan du Terroir\",\"potentialAction\":[{\"@type\":\"SearchAction\",\"target\":{\"@type\":\"EntryPoint\",\"urlTemplate\":\"https:\/\/domainejacouton.fr\/?s={search_term_string}\"},\"query-input\":{\"@type\":\"PropertyValueSpecification\",\"valueRequired\":true,\"valueName\":\"search_term_string\"}}],\"inLanguage\":\"en-GB\"}]}<\/script>\n<!-- \/ Yoast SEO plugin. -->","yoast_head_json":{"title":"Pierres d'Iserand - Domaine Jacouton","robots":{"index":"index","follow":"follow","max-snippet":"max-snippet:-1","max-image-preview":"max-image-preview:large","max-video-preview":"max-video-preview:-1"},"canonical":"https:\/\/domainejacouton.fr\/en\/boutique\/produit\/pierre-iserand\/","og_locale":"en_GB","og_type":"article","og_title":"Pierres d'Iserand - Domaine Jacouton","og_description":"C\u00c9PAGES   100% Syrah     D\u00c9GUSTATION   La robe est d\u2019un beau rouge profond aux reflets rouge Rubis, le nez expressif sur la garrigue et le thym, sans oublier les caract\u00e9ristiques d\u2019une Syrah m\u00fbre avec des notes de fruits frais. Une bouche \u00e9l\u00e9gante et fine, avec de la mati\u00e8re. De belles notes de fruits m\u00fbrs mais pas compot\u00e9s. Des notes \u00e9pic\u00e9s et toast\u00e9es subtiles tout en gardant une certaine fra\u00eecheur. Une longueur en bouche franche o\u00f9 ressort les fruits rouges de la syrah.     ACCORDS METS ET VIN   Un gibier r\u00f4ti, Boeuf bourguignon, Pigeon farci, un fromage de caract\u00e8re d\u2019Auvergne ou un vieux Beaufort, For\u00eat Noire ou Royal","og_url":"https:\/\/domainejacouton.fr\/en\/boutique\/produit\/pierre-iserand\/","og_site_name":"Domaine Jacouton","article_modified_time":"2025-03-12T08:25:22+00:00","og_image":[{"width":537,"height":1500,"url":"https:\/\/domainejacouton.fr\/wp-content\/uploads\/2020\/04\/JACOUTON-Bouteille-8.png","type":"image\/png"}],"twitter_card":"summary_large_image","twitter_misc":{"Estimated reading time":"1 minute"},"schema":{"@context":"https:\/\/schema.org","@graph":[{"@type":"WebPage","@id":"https:\/\/domainejacouton.fr\/boutique\/produit\/pierre-iserand\/","url":"https:\/\/domainejacouton.fr\/boutique\/produit\/pierre-iserand\/","name":"Pierres d'Iserand - Domaine Jacouton","isPartOf":{"@id":"https:\/\/domainejacouton.fr\/#website"},"primaryImageOfPage":{"@id":"https:\/\/domainejacouton.fr\/boutique\/produit\/pierre-iserand\/#primaryimage"},"image":{"@id":"https:\/\/domainejacouton.fr\/boutique\/produit\/pierre-iserand\/#primaryimage"},"thumbnailUrl":"https:\/\/domainejacouton.fr\/wp-content\/uploads\/2020\/04\/JACOUTON-Bouteille-8.png","datePublished":"2020-11-25T15:40:08+00:00","dateModified":"2025-03-12T08:25:22+00:00","breadcrumb":{"@id":"https:\/\/domainejacouton.fr\/boutique\/produit\/pierre-iserand\/#breadcrumb"},"inLanguage":"en-GB","potentialAction":[{"@type":"ReadAction","target":["https:\/\/domainejacouton.fr\/boutique\/produit\/pierre-iserand\/"]}]},{"@type":"ImageObject","inLanguage":"en-GB","@id":"https:\/\/domainejacouton.fr\/boutique\/produit\/pierre-iserand\/#primaryimage","url":"https:\/\/domainejacouton.fr\/wp-content\/uploads\/2020\/04\/JACOUTON-Bouteille-8.png","contentUrl":"https:\/\/domainejacouton.fr\/wp-content\/uploads\/2020\/04\/JACOUTON-Bouteille-8.png","width":537,"height":1500,"caption":"domaine jacouton pierres d'iserand saint joseph"},{"@type":"BreadcrumbList","@id":"https:\/\/domainejacouton.fr\/boutique\/produit\/pierre-iserand\/#breadcrumb","itemListElement":[{"@type":"ListItem","position":1,"name":"Accueil","item":"https:\/\/domainejacouton.fr\/"},{"@type":"ListItem","position":2,"name":"Boutique","item":"https:\/\/domainejacouton.fr\/boutique\/"},{"@type":"ListItem","position":3,"name":"Pierres d&rsquo;Iserand"}]},{"@type":"WebSite","@id":"https:\/\/domainejacouton.fr\/#website","url":"https:\/\/domainejacouton.fr\/","name":"Domaine Jacouton","description":"Artisan du Terroir","potentialAction":[{"@type":"SearchAction","target":{"@type":"EntryPoint","urlTemplate":"https:\/\/domainejacouton.fr\/?s={search_term_string}"},"query-input":{"@type":"PropertyValueSpecification","valueRequired":true,"valueName":"search_term_string"}}],"inLanguage":"en-GB"}]}},"_links":{"self":[{"href":"https:\/\/domainejacouton.fr\/en\/wp-json\/wp\/v2\/product\/1822","targetHints":{"allow":["GET"]}}],"collection":[{"href":"https:\/\/domainejacouton.fr\/en\/wp-json\/wp\/v2\/product"}],"about":[{"href":"https:\/\/domainejacouton.fr\/en\/wp-json\/wp\/v2\/types\/product"}],"replies":[{"embeddable":true,"href":"https:\/\/domainejacouton.fr\/en\/wp-json\/wp\/v2\/comments?post=1822"}],"wp:featuredmedia":[{"embeddable":true,"href":"https:\/\/domainejacouton.fr\/en\/wp-json\/wp\/v2\/media\/1635"}],"wp:attachment":[{"href":"https:\/\/domainejacouton.fr\/en\/wp-json\/wp\/v2\/media?parent=1822"}],"wp:term":[{"taxonomy":"product_brand","embeddable":true,"href":"https:\/\/domainejacouton.fr\/en\/wp-json\/wp\/v2\/product_brand?post=1822"},{"taxonomy":"product_cat","embeddable":true,"href":"https:\/\/domainejacouton.fr\/en\/wp-json\/wp\/v2\/product_cat?post=1822"},{"taxonomy":"product_tag","embeddable":true,"href":"https:\/\/domainejacouton.fr\/en\/wp-json\/wp\/v2\/product_tag?post=1822"}],"curies":[{"name":"wp","href":"https:\/\/api.w.org\/{rel}","templated":true}]}}