{"id":1821,"date":"2020-11-25T15:35:22","date_gmt":"2020-11-25T15:35:22","guid":{"rendered":"https:\/\/domainejacouton.fr\/?post_type=product&#038;p=1821"},"modified":"2025-07-07T13:15:38","modified_gmt":"2025-07-07T13:15:38","slug":"sainte-epine","status":"publish","type":"product","link":"https:\/\/domainejacouton.fr\/en\/boutique\/produit\/sainte-epine\/","title":{"rendered":"Sainte \u00c9pine"},"content":{"rendered":"<p>St Joseph INTENSE issue d\u2019un lieu dit historique \u00e0 Saint Jean De Muzols ; plus pr\u00e9cis\u00e9ment sur la cr\u00eate de celui-ci . Un vin de caract\u00e8re, alliant intensit\u00e9 , profondeur et complexit\u00e9.<\/p>\n<p>C\u00e9page : 100 %<br \/>\nSyrah Terroir : Granitique<br \/>\nLes Vignes : d\u2019une vingtaine d\u2019ann\u00e9e sur la cr\u00eate.<br \/>\nMode de culture : Raisonn\u00e9<br \/>\nVendanges : Manuelles<br \/>\nRendement : 35 hl\/ha<\/p>\n<p>Vinification &amp; \u00c9levage en Cave par Jean-Fran\u00e7ois Jacouton<\/p>\n<p>30% de vendange enti\u00e8re &#8211; Cuvaison de 24 jours avec pigeage et remontage journaliers accompagn\u00e9 de deux d\u00e9lestage durant la vinification.<\/p>\n<p>\u00c9levage, 100 % en f\u00fbt de ch\u00eane (avec 25 % de barrique neuve) &#8211; pendant 16 mois<br \/>\nMise en bouteille apr\u00e8s filtration tangentielle<\/p>\n<p><strong>D\u00e9gustation<\/strong><br \/>\nLa robe est d\u2019un beau rouge profond et soutenu aux reflets rouge brun \u2013 le nez est expressif sur les fruits rouges et de fruits noirs. Une bouche structur\u00e9e, avec de la mati\u00e8re mais aussi une belle intensit\u00e9. De belle note de fruit m\u00fbr concentr\u00e9 . Des notes toast\u00e9es subtiles enrobent \u00e0 merveille le vin, les tanins sont tr\u00e8s fins et soyeux.<\/p>\n<p><strong>Mon conseil Accords mets et vin<\/strong><br \/>\nUn civet de gibier , r\u00f4ti de sanglier, du boeuf grill\u00e9, un roquefort persill\u00e9.<\/p>","protected":false},"excerpt":{"rendered":"<div class=\"gg-infobox\">\n<h4>C\u00c9PAGES<\/h4>\n<div class=\"description\">\n<p>100% Syrah<\/p>\n<\/div>\n<\/div>\n<div class=\"gg-infobox\">\n<h4>Tasting<\/h4>\n<div class=\"description\">\n<p>The robe is a beautiful deep red with red-brown reflections. The nose is expressive on red fruits and black fruits. Palate is structured, with substance and also a nice intensity. Beautiful note of concentrated ripe fruit. Subtle toasted notes coat the wine. Tannins are very fine and silky.<\/p>\n<\/div>\n<\/div>\n<div class=\"gg-infobox\">\n<h4>ACCORDS METS ET VIN<\/h4>\n<div class=\"description\">\n<p>Game stew, boar roast, grilled beef, blue-veined cheese.<\/p>\n<\/div>\n<\/div>","protected":false},"featured_media":1634,"comment_status":"open","ping_status":"closed","template":"","meta":{"_acf_changed":false,"_vp_format_video_url":"","_vp_image_focal_point":[]},"product_brand":[],"product_cat":[29],"product_tag":[],"class_list":{"0":"post-1821","1":"product","2":"type-product","3":"status-publish","4":"has-post-thumbnail","6":"product_cat-vin","8":"first","9":"instock","10":"taxable","11":"shipping-taxable","12":"purchasable","13":"product-type-simple"},"acf":[],"yoast_head":"<!-- This site is optimized with the Yoast SEO plugin v24.6 - https:\/\/yoast.com\/wordpress\/plugins\/seo\/ -->\n<title>Sainte \u00c9pine - Domaine Jacouton<\/title>\n<meta name=\"robots\" content=\"index, follow, max-snippet:-1, max-image-preview:large, max-video-preview:-1\" \/>\n<link rel=\"canonical\" href=\"https:\/\/domainejacouton.fr\/en\/boutique\/produit\/sainte-epine\/\" \/>\n<meta property=\"og:locale\" content=\"en_GB\" \/>\n<meta property=\"og:type\" content=\"article\" \/>\n<meta property=\"og:title\" content=\"Sainte \u00c9pine - Domaine Jacouton\" \/>\n<meta property=\"og:description\" content=\"C\u00c9PAGES   100% Syrah     D\u00c9GUSTATION   La robe est d\u2019un beau rouge profond et soutenu aux reflets rouge brun \u2013 le nez\u00a0 est expressif sur les fruits rouges et de fruits noirs.\u00a0Une bouche structur\u00e9e, avec de la mati\u00e8re mais aussi\u00a0 une belle intensit\u00e9. De belle note de fruit m\u00fbr concentr\u00e9 . Des notes toast\u00e9es subtiles enrobent \u00e0 merveille le vin, les tanins sont tr\u00e8s fins et soyeux.     ACCORDS METS ET VIN   Un civet de gibier , r\u00f4ti de sanglier, du b\u0153uf grill\u00e9, un roquefort persill\u00e9.\" \/>\n<meta property=\"og:url\" content=\"https:\/\/domainejacouton.fr\/en\/boutique\/produit\/sainte-epine\/\" \/>\n<meta property=\"og:site_name\" content=\"Domaine Jacouton\" \/>\n<meta property=\"article:modified_time\" content=\"2025-07-07T13:15:38+00:00\" \/>\n<meta property=\"og:image\" content=\"https:\/\/domainejacouton.fr\/wp-content\/uploads\/2020\/04\/JACOUTON-Bouteille-7.png\" \/>\n\t<meta property=\"og:image:width\" content=\"551\" \/>\n\t<meta property=\"og:image:height\" content=\"1500\" \/>\n\t<meta property=\"og:image:type\" content=\"image\/png\" \/>\n<meta name=\"twitter:card\" content=\"summary_large_image\" \/>\n<meta name=\"twitter:label1\" content=\"Estimated reading time\" \/>\n\t<meta name=\"twitter:data1\" content=\"1 minute\" \/>\n<script type=\"application\/ld+json\" class=\"yoast-schema-graph\">{\"@context\":\"https:\/\/schema.org\",\"@graph\":[{\"@type\":\"WebPage\",\"@id\":\"https:\/\/domainejacouton.fr\/boutique\/produit\/sainte-epine\/\",\"url\":\"https:\/\/domainejacouton.fr\/boutique\/produit\/sainte-epine\/\",\"name\":\"Sainte \u00c9pine - Domaine Jacouton\",\"isPartOf\":{\"@id\":\"https:\/\/domainejacouton.fr\/#website\"},\"primaryImageOfPage\":{\"@id\":\"https:\/\/domainejacouton.fr\/boutique\/produit\/sainte-epine\/#primaryimage\"},\"image\":{\"@id\":\"https:\/\/domainejacouton.fr\/boutique\/produit\/sainte-epine\/#primaryimage\"},\"thumbnailUrl\":\"https:\/\/domainejacouton.fr\/wp-content\/uploads\/2020\/04\/JACOUTON-Bouteille-7.png\",\"datePublished\":\"2020-11-25T15:35:22+00:00\",\"dateModified\":\"2025-07-07T13:15:38+00:00\",\"breadcrumb\":{\"@id\":\"https:\/\/domainejacouton.fr\/boutique\/produit\/sainte-epine\/#breadcrumb\"},\"inLanguage\":\"en-GB\",\"potentialAction\":[{\"@type\":\"ReadAction\",\"target\":[\"https:\/\/domainejacouton.fr\/boutique\/produit\/sainte-epine\/\"]}]},{\"@type\":\"ImageObject\",\"inLanguage\":\"en-GB\",\"@id\":\"https:\/\/domainejacouton.fr\/boutique\/produit\/sainte-epine\/#primaryimage\",\"url\":\"https:\/\/domainejacouton.fr\/wp-content\/uploads\/2020\/04\/JACOUTON-Bouteille-7.png\",\"contentUrl\":\"https:\/\/domainejacouton.fr\/wp-content\/uploads\/2020\/04\/JACOUTON-Bouteille-7.png\",\"width\":551,\"height\":1500,\"caption\":\"domaine jacouton saint joseph Sainte Epine\"},{\"@type\":\"BreadcrumbList\",\"@id\":\"https:\/\/domainejacouton.fr\/boutique\/produit\/sainte-epine\/#breadcrumb\",\"itemListElement\":[{\"@type\":\"ListItem\",\"position\":1,\"name\":\"Accueil\",\"item\":\"https:\/\/domainejacouton.fr\/\"},{\"@type\":\"ListItem\",\"position\":2,\"name\":\"Boutique\",\"item\":\"https:\/\/domainejacouton.fr\/boutique\/\"},{\"@type\":\"ListItem\",\"position\":3,\"name\":\"Sainte \u00c9pine\"}]},{\"@type\":\"WebSite\",\"@id\":\"https:\/\/domainejacouton.fr\/#website\",\"url\":\"https:\/\/domainejacouton.fr\/\",\"name\":\"Domaine Jacouton\",\"description\":\"Artisan du Terroir\",\"potentialAction\":[{\"@type\":\"SearchAction\",\"target\":{\"@type\":\"EntryPoint\",\"urlTemplate\":\"https:\/\/domainejacouton.fr\/?s={search_term_string}\"},\"query-input\":{\"@type\":\"PropertyValueSpecification\",\"valueRequired\":true,\"valueName\":\"search_term_string\"}}],\"inLanguage\":\"en-GB\"}]}<\/script>\n<!-- \/ Yoast SEO plugin. -->","yoast_head_json":{"title":"Sainte \u00c9pine - Domaine Jacouton","robots":{"index":"index","follow":"follow","max-snippet":"max-snippet:-1","max-image-preview":"max-image-preview:large","max-video-preview":"max-video-preview:-1"},"canonical":"https:\/\/domainejacouton.fr\/en\/boutique\/produit\/sainte-epine\/","og_locale":"en_GB","og_type":"article","og_title":"Sainte \u00c9pine - Domaine Jacouton","og_description":"C\u00c9PAGES   100% Syrah     D\u00c9GUSTATION   La robe est d\u2019un beau rouge profond et soutenu aux reflets rouge brun \u2013 le nez\u00a0 est expressif sur les fruits rouges et de fruits noirs.\u00a0Une bouche structur\u00e9e, avec de la mati\u00e8re mais aussi\u00a0 une belle intensit\u00e9. De belle note de fruit m\u00fbr concentr\u00e9 . Des notes toast\u00e9es subtiles enrobent \u00e0 merveille le vin, les tanins sont tr\u00e8s fins et soyeux.     ACCORDS METS ET VIN   Un civet de gibier , r\u00f4ti de sanglier, du b\u0153uf grill\u00e9, un roquefort persill\u00e9.","og_url":"https:\/\/domainejacouton.fr\/en\/boutique\/produit\/sainte-epine\/","og_site_name":"Domaine Jacouton","article_modified_time":"2025-07-07T13:15:38+00:00","og_image":[{"width":551,"height":1500,"url":"https:\/\/domainejacouton.fr\/wp-content\/uploads\/2020\/04\/JACOUTON-Bouteille-7.png","type":"image\/png"}],"twitter_card":"summary_large_image","twitter_misc":{"Estimated reading time":"1 minute"},"schema":{"@context":"https:\/\/schema.org","@graph":[{"@type":"WebPage","@id":"https:\/\/domainejacouton.fr\/boutique\/produit\/sainte-epine\/","url":"https:\/\/domainejacouton.fr\/boutique\/produit\/sainte-epine\/","name":"Sainte \u00c9pine - Domaine Jacouton","isPartOf":{"@id":"https:\/\/domainejacouton.fr\/#website"},"primaryImageOfPage":{"@id":"https:\/\/domainejacouton.fr\/boutique\/produit\/sainte-epine\/#primaryimage"},"image":{"@id":"https:\/\/domainejacouton.fr\/boutique\/produit\/sainte-epine\/#primaryimage"},"thumbnailUrl":"https:\/\/domainejacouton.fr\/wp-content\/uploads\/2020\/04\/JACOUTON-Bouteille-7.png","datePublished":"2020-11-25T15:35:22+00:00","dateModified":"2025-07-07T13:15:38+00:00","breadcrumb":{"@id":"https:\/\/domainejacouton.fr\/boutique\/produit\/sainte-epine\/#breadcrumb"},"inLanguage":"en-GB","potentialAction":[{"@type":"ReadAction","target":["https:\/\/domainejacouton.fr\/boutique\/produit\/sainte-epine\/"]}]},{"@type":"ImageObject","inLanguage":"en-GB","@id":"https:\/\/domainejacouton.fr\/boutique\/produit\/sainte-epine\/#primaryimage","url":"https:\/\/domainejacouton.fr\/wp-content\/uploads\/2020\/04\/JACOUTON-Bouteille-7.png","contentUrl":"https:\/\/domainejacouton.fr\/wp-content\/uploads\/2020\/04\/JACOUTON-Bouteille-7.png","width":551,"height":1500,"caption":"domaine jacouton saint joseph Sainte Epine"},{"@type":"BreadcrumbList","@id":"https:\/\/domainejacouton.fr\/boutique\/produit\/sainte-epine\/#breadcrumb","itemListElement":[{"@type":"ListItem","position":1,"name":"Accueil","item":"https:\/\/domainejacouton.fr\/"},{"@type":"ListItem","position":2,"name":"Boutique","item":"https:\/\/domainejacouton.fr\/boutique\/"},{"@type":"ListItem","position":3,"name":"Sainte \u00c9pine"}]},{"@type":"WebSite","@id":"https:\/\/domainejacouton.fr\/#website","url":"https:\/\/domainejacouton.fr\/","name":"Domaine Jacouton","description":"Artisan du Terroir","potentialAction":[{"@type":"SearchAction","target":{"@type":"EntryPoint","urlTemplate":"https:\/\/domainejacouton.fr\/?s={search_term_string}"},"query-input":{"@type":"PropertyValueSpecification","valueRequired":true,"valueName":"search_term_string"}}],"inLanguage":"en-GB"}]}},"_links":{"self":[{"href":"https:\/\/domainejacouton.fr\/en\/wp-json\/wp\/v2\/product\/1821","targetHints":{"allow":["GET"]}}],"collection":[{"href":"https:\/\/domainejacouton.fr\/en\/wp-json\/wp\/v2\/product"}],"about":[{"href":"https:\/\/domainejacouton.fr\/en\/wp-json\/wp\/v2\/types\/product"}],"replies":[{"embeddable":true,"href":"https:\/\/domainejacouton.fr\/en\/wp-json\/wp\/v2\/comments?post=1821"}],"wp:featuredmedia":[{"embeddable":true,"href":"https:\/\/domainejacouton.fr\/en\/wp-json\/wp\/v2\/media\/1634"}],"wp:attachment":[{"href":"https:\/\/domainejacouton.fr\/en\/wp-json\/wp\/v2\/media?parent=1821"}],"wp:term":[{"taxonomy":"product_brand","embeddable":true,"href":"https:\/\/domainejacouton.fr\/en\/wp-json\/wp\/v2\/product_brand?post=1821"},{"taxonomy":"product_cat","embeddable":true,"href":"https:\/\/domainejacouton.fr\/en\/wp-json\/wp\/v2\/product_cat?post=1821"},{"taxonomy":"product_tag","embeddable":true,"href":"https:\/\/domainejacouton.fr\/en\/wp-json\/wp\/v2\/product_tag?post=1821"}],"curies":[{"name":"wp","href":"https:\/\/api.w.org\/{rel}","templated":true}]}}